{"id":929,"date":"2025-11-26T08:45:50","date_gmt":"2025-11-26T08:45:50","guid":{"rendered":"https:\/\/rodamonsteatre.com\/?page_id=929"},"modified":"2025-12-30T09:46:13","modified_gmt":"2025-12-30T09:46:13","slug":"condicions-dus","status":"publish","type":"page","link":"https:\/\/rodamonsteatre.com\/ca\/condicions-dus\/","title":{"rendered":"Condicions d&#8217;\u00fas"},"content":{"rendered":"<p><strong>1.-OBJECTE<\/strong><\/p>\n<p>En compliment de la Llei 34\/2002, d\u201911 de juliol, de Serveis de la Societat de la Informaci\u00f3 i de Comer\u00e7 Electr\u00f2nic (LSSI-CE), s\u2019informa que les presents Condicions Generals d\u2019Acc\u00e9s i \u00das (d\u2019ara endavant, les \u00abCondicions d\u2019\u00das\u00bb) tenen per objecte regular les condicions d\u2019\u00fas i utilitzaci\u00f3 del lloc web o llocs web d\u2019Internet ubicats a l\u2019adre\u00e7a: rodamonsteatre.com i del qual \u00e9s titular:<\/p>\n<p>RODAMONS TEATRE COOP V<\/p>\n<p>CIF :F96967096<\/p>\n<p>C\/Miguel monz\u00f3,19 bajo, 46120 Alboraya, Valencia<\/p>\n<p>(d\u2019ara endavant, rodamonsteatre.com).<\/p>\n<p>rodamonsteatre.com ha sigut elaborada per a donar a con\u00e9ixer i permetre l\u2019acc\u00e9s a la informaci\u00f3 que cont\u00e9, amb les restriccions i limitacions que imposen les presents Condicions Generals, aix\u00ed com per a permetre i possibilitar l\u2019acc\u00e9s a altres p\u00e0gines amb les quals el web de rodamonsteatre.com tinga relacions comercials, professionals o de qualsevol altra \u00edndole.<\/p>\n<p>L\u2019objecte social de rodamonsteatre.com \u00e9s:<\/p>\n<p>rodamonsteatre.com \u00e9s un lloc web de venda en l\u00ednia de serveis de teatre.<\/p>\n<p><strong>2.-DRETS I OBLIGACIONS DE L\u2019USUARI<\/strong><\/p>\n<p><strong>2.1.-CONDICIONS D\u2019ACC\u00c9S I \u00daS<\/strong><\/p>\n<p>A trav\u00e9s de l\u2019adre\u00e7a ubicada a rodamonsteatre.com, qualsevol usuari podr\u00e0 accedir gratu\u00eftament a la informaci\u00f3 continguda en el citat WEBSITE.<\/p>\n<p>Les condicions d\u2019acc\u00e9s al web estan supeditades a les disposicions legals vigents en cada moment, aix\u00ed com als principis de bona fe i \u00fas l\u00edcit per part de l\u2019Usuari, quedant expressament i taxativament prohibida qualsevol actuaci\u00f3 que puga anar en detriment o perjudici del Portal o de tercers.<\/p>\n<p>El web no exigix la subscripci\u00f3 pr\u00e8via ni el registre per a la simple navegaci\u00f3, ni per a l\u2019acc\u00e9s o utilitzaci\u00f3 d\u2019alguns serveis del web. Per contra, per a rebre avisos per correu electr\u00f2nic de novetats en les ofertes o descomptes \u00e9s necessari subscriure\u2019s.<\/p>\n<p>Els serveis o continguts que exigisquen subscripci\u00f3 per al seu acc\u00e9s o \u00fas aniran acompanyats del corresponent av\u00eds de necessitat de subscripci\u00f3. Pel que fa al tractament de dades personals, vegeu la Pol\u00edtica de Privacitat de rodamonsteatre.com.<\/p>\n<p><strong>2.1.1.-ACCEPTACI\u00d3 DE LES CONDICIONS \/ SUBSCRIPCI\u00d3 D\u2019USUARI<\/strong><\/p>\n<p>La mera utilitzaci\u00f3 del web o la confirmaci\u00f3 del corresponent camp en el proc\u00e9s de registre com a Usuari Subscriptor implicar\u00e0 l\u2019acceptaci\u00f3 de les condicions generals d\u2019\u00fas de rodamonsteatre.com.<\/p>\n<p>A trav\u00e9s del web de rodamonsteatre.com es facilitar\u00e0 a tots els Usuaris la possibilitat d\u2019accedir als continguts, serveis i resta d\u2019informaci\u00f3 relativa a l\u2019objecte social de la present entitat.<\/p>\n<p>Les presents condicions d\u2019\u00fas constitu\u00efxen \u00edntegrament all\u00f2 convingut entre les parts tant quant a l\u2019acc\u00e9s com a l\u2019\u00fas.<\/p>\n<p>rodamonsteatre.com est\u00e0 facultada per a modificar unilateralment totes i cadascuna de les obligacions disposades en les presents Condicions Generals d\u2019\u00das, sense necessitat de previ av\u00eds. Igualment, est\u00e0 capacitada per a reestructurar, modificar o eliminar qualsevol informaci\u00f3, servei o contingut incl\u00f2s en el lloc web, sense necessitat de previ av\u00eds. La modificaci\u00f3 de qualsevol de les presents condicions generals per a un cas particular nom\u00e9s tindr\u00e0 validesa quan haja sigut recollida per escrit i signada pels representants legals de cada part.<\/p>\n<p>Igualment, rodamonsteatre.com es reserva el dret de permetre l\u2019acc\u00e9s o \u00fas d\u2019alguns dels serveis del web, ara o en el futur, i pot exigir per al seu acc\u00e9s la condici\u00f3 d\u2019Usuari Subscrit, condici\u00f3 que en eixe cas es podr\u00e0 obtindre mitjan\u00e7ant la inserci\u00f3 del correu electr\u00f2nic de l\u2019usuari en la corresponent casella de subscripci\u00f3 d\u2019Usuaris que rodamonsteatre.com posar\u00e0 a disposici\u00f3 dels Usuaris que aix\u00ed ho desitgen.<\/p>\n<p><strong>Veracitat de les dades<\/strong><\/p>\n<p>Amb l\u2019emplenament d\u2019estos formularis, caselles de subscripci\u00f3 o ferramentes similars, l\u2019USUARI reconeix que les dades subministrades s\u00f3n obtingudes directament de l\u2019usuari, veraces i certes, i es compromet a notificar a rodamonsteatre.com qualsevol canvi o modificaci\u00f3 que es produ\u00efsca en estes.<\/p>\n<p><strong>2.2.-CONTINGUT I ACTUACIONS DE L\u2019USUARI<\/strong><\/p>\n<p>L\u2019Usuari es compromet a fer un \u00fas l\u00edcit, diligent, honrat i correcte de tota la informaci\u00f3 o contingut al qual tinga acc\u00e9s, b\u00e9 a trav\u00e9s de la p\u00e0gina web de rodamonsteatre.com o de tercers pr\u00e8viament proporcionats per rodamonsteatre.com, tot aix\u00f2 sota els principis de la bona fe i amb respecte en tot moment a la legalitat vigent.<\/p>\n<p>L\u2019Usuari haur\u00e0 d\u2019abstindre\u2019s d\u2019obtindre, llevat que siga per a \u00fas personal, qualsevol informaci\u00f3 (entenent-se per informaci\u00f3 qualsevol missatge, arxius de so, fotografies, dibuixos, programari i, en general, qualsevol classe o tipus d\u2019arxiu inform\u00e0tic, gr\u00e0fic, etc.) que siga propietat del web.<\/p>\n<p>Igualment, l\u2019Usuari adquirix el comprom\u00eds de no provocar, ni de manera maliciosa ni intencionada, danys o perjudicis que puguen menyscabar o alterar el propi web, aix\u00ed com de no introduir ni difondre els denominats \u00abvirus inform\u00e0tics\u00bb que puguen produir alteracions no autoritzades dels continguts o sistemes que integren el web. El comprom\u00eds adquirit s\u2019ha de regir per la utilitzaci\u00f3 de continguts de conformitat amb el que disposa la llei, la moral i l\u2019orde p\u00fablic; no copiar, reproduir, distribuir, cedir, transformar o modificar els continguts sense el consentiment previ i per escrit de rodamonsteatre.com o persona delegada per esta.<\/p>\n<p>En este sentit, rodamonsteatre.com s\u2019exonera de qualsevol tipus de fallada o virus inform\u00e0tic introdu\u00eft per tercers.<\/p>\n<p>A complir tots els requisits disposats en relaci\u00f3 amb els drets de propietat intel\u00b7lectual, industrial i altres an\u00e0legs.<\/p>\n<p>La informaci\u00f3 proporcionada EN EL WEB no haur\u00e0 de ser considerada en cap moment ni completa ni exhaustiva. rodamonsteatre.com, per la seua part, tractar\u00e0 en la mesura de les seues possibilitats d\u2019actualitzar constantment esta informaci\u00f3.<\/p>\n<p>rodamonsteatre.com manifesta que el servei\/producte oferit en el web es correspon amb la descripci\u00f3 del mateix. No obstant aix\u00f2, queda exonerada de responsabilitat en aquells sup\u00f2sits en qu\u00e8, per errors t\u00e8cnics o humans, existisquen equivocacions o variacions entre les imatges, la descripci\u00f3 i el preu. Igualment, s\u2019indica que les fotografies tenen un mer car\u00e0cter orientatiu, i poden existir variacions pel que fa al seu aspecte f\u00edsic, per\u00f2 sense menyscabar la integritat i les prestacions del servei\/producte oferit i\/o sol\u00b7licitat.<\/p>\n<p>rodamonsteatre.com s\u2019exonera dels continguts, informaci\u00f3, opinions o comentaris difosos a trav\u00e9s del seu web, ni respondr\u00e0 de l\u2019\u00fas que l\u2019Usuari fa\u00e7a d\u2019esta informaci\u00f3.<\/p>\n<p><strong>3.-DRETS I OBLIGACIONS DE rodamonsteatre.com<\/strong><\/p>\n<p>rodamonsteatre.com respondr\u00e0 \u00fanica i exclusivament dels serveis que preste per ella mateixa i dels continguts directament originats pel propi web i identificats amb el corresponent copyright.<\/p>\n<p>rodamonsteatre.com es compromet a adoptar els mitjans i mesures necessaris que permeten garantir la seguretat i la privacitat en les comunicacions. No respondr\u00e0 quan, adoptades les pertinents mesures de seguretat, estes siguen vulnerades per agents externs.<\/p>\n<p>rodamonsteatre.com no ser\u00e0 responsable, ni tan sols de manera indirecta o subsidi\u00e0ria, de cap contingut, informaci\u00f3, opini\u00f3 o manifestaci\u00f3 de qualsevol tipus que tinga el seu origen en l\u2019Usuari o en terceres persones o entitats i que tinguen acc\u00e9s, transmeten, comuniquen, tracten, exhibisquen o venguen esta informaci\u00f3 al web titularitat de rodamonsteatre.com.<\/p>\n<p>rodamonsteatre.com es reserva el dret de suspendre temporalment la prestaci\u00f3 del servei sense previ av\u00eds a l\u2019Usuari, sempre que siga necessari per a efectuar operacions de manteniment, actualitzaci\u00f3 o millora del servei. Igualment, podr\u00e0 modificar les condicions d\u2019acc\u00e9s i\/o la ubicaci\u00f3 concreta del contingut integrant del web, aix\u00ed com impedir, restringir, bloquejar, suprimir o retirar l\u2019acc\u00e9s als serveis als Usuaris quan estos no facen un \u00fas l\u00edcit, honrat i diligent dels serveis prestats en el lloc web. En la mateixa l\u00ednia, podr\u00e0 retirar, bloquejar o restringir l\u2019\u00fas dels continguts introdu\u00efts per terceres persones que siguen il\u00b7l\u00edcits, racistes, delictius, d\u2019apologia del terrorisme, de violaci\u00f3 de drets humans, difamatoris, pornogr\u00e0fics, constitutius d\u2019estafa o que, de qualsevol altra manera, infringisquen les lleis o normatives aplicables, tant nacionals com internacionals.<\/p>\n<p>rodamonsteatre.com no assegura la disponibilitat i continu\u00eftat permanent del web a causa d\u2019interrupcions, fallades, etc., aix\u00ed com tampoc respondr\u00e0 dels danys i perjudicis que puga causar als Usuaris pels virus inform\u00e0tics o agents externs que terceres persones puguen depositar en el lloc web o en els documents electr\u00f2nics i fitxers emmagatzemats en el sistema inform\u00e0tic.<\/p>\n<p>El lloc web posa a disposici\u00f3 dels Usuaris determinades ferramentes com ara fitxes, botons, b\u00e0ners, enlla\u00e7os o vincles que permeten a l\u2019Usuari accedir a continguts o a altres llocs relacionats amb l\u2019activitat del web o diferents. La instal\u00b7laci\u00f3 d\u2019estes ferramentes t\u00e9 com a finalitat \u00faltima proporcionar i facilitar la navegaci\u00f3 a l\u2019Usuari, no sent responsable rodamonsteatre.com dels llocs web als quals accedisca l\u2019Usuari a trav\u00e9s de la seua p\u00e0gina, pel que fa al dret a l\u2019honor i a la informaci\u00f3 proporcionada. Per la seua part, rodamonsteatre.com tractar\u00e0, en la mesura de les seues possibilitats, de comprovar estos hipervincles, restringint, bloquejant o suspenent estos botons quan atempten contra el principi descrit en les presents Condicions Generals.<\/p>\n<p><strong>4.-PROPIETAT INTEL\u00b7LECTUAL<\/strong><\/p>\n<p>La totalitat dels continguts als quals s\u2019accedisca a trav\u00e9s del servei prestat per rodamonsteatre.com estan subjectes als drets de Propietat Intel\u00b7lectual i Industrial de rodamonsteatre.com o de tercers. Este contingut no podr\u00e0 ser utilitzat, duplicat, distribu\u00eft, venut, explotat o de qualsevol altra manera, amb finalitat comercial o no, sense el consentiment previ, expr\u00e9s i per escrit del seu titular (gestionamostuinversion.com).<\/p>\n<p>Igualment, rodamonsteatre.com ser\u00e0 responsable respecte de les marques, logotips i altres signes distintius que s\u2019incorporen en qualsevol part del lloc web i que siguen propietat de rodamonsteatre.com, aix\u00ed com titular de tots els drets de Propietat Intel\u00b7lectual o Industrial o com a llicenciatari d\u2019estos.<\/p>\n<p>Tots els continguts i parts integrants del lloc web de rodamonsteatre.com han sigut inclosos conforme als principis de la bona fe, indicant que la informaci\u00f3 pot procedir totalment o parcialment de fonts externes a la pr\u00f2pia entitat, ra\u00f3 per la qual rodamonsteatre.com no es responsabilitza de cap manera de la inexactitud o falta d\u2019actualitzaci\u00f3 dels continguts mostrats.<\/p>\n<p>Per contra, tots aquells continguts procedents de fonts internes estaran degudament identificats amb el seu copyright. L\u2019entitat es reserva el dret o la facultat d\u2019efectuar qualsevol canvi en qualsevol moment, sense necessitat de previ av\u00eds. Tots els continguts inclosos en la p\u00e0gina procedents de fonts internes que porten el seu signe identificatiu de copyright s\u00f3n responsabilitat \u00fanica i exclusiva de rodamonsteatre.com.<\/p>\n<p><strong>5.-PROTECCI\u00d3 DE DADES<\/strong><\/p>\n<p>rodamonsteatre.com, plenament conscienciada de l\u2019\u00fas i tractament que s\u2019ha de donar a les dades de car\u00e0cter personal i en virtut de la normativa legal existent al respecte (LOPD i LSSICE), t\u00e9 implantat en el si de la seua organitzaci\u00f3 un sistema per a preservar la seguretat, integritat i confidencialitat de les dades considerades com a personals.<\/p>\n<p>Per a aix\u00f2, a m\u00e9s de complir \u00edntegrament tots i cadascun dels requisits disposats en la Llei Org\u00e0nica 15\/1999, de 13 de desembre, de Protecci\u00f3 de Dades de Car\u00e0cter Personal, i els disposats en la Llei 34\/2002 LSSICE, garanteix un \u00fas no sols legal sin\u00f3 tamb\u00e9 lleial de les dades personals, aix\u00ed com un sistema adequat per a exercir els drets d\u2019acc\u00e9s, rectificaci\u00f3, cancel\u00b7laci\u00f3 i oposici\u00f3 disposats en la citada Llei Org\u00e0nica.<\/p>\n<p>De conformitat amb el que disposa la pol\u00edtica de privacitat de rodamonsteatre.com, es fa constar que qualsevol persona podr\u00e0 exercir els seus drets d\u2019acc\u00e9s, rectificaci\u00f3, cancel\u00b7laci\u00f3 i, si escau, oposici\u00f3, mitjan\u00e7ant l\u2019enviament d\u2019un correu electr\u00f2nic a l\u2019adre\u00e7a comercial@rodamonsteatre.com.<\/p>\n<p>A este respecte, vegeu la Pol\u00edtica de Privacitat del Portal rodamonsteatre.com.<\/p>\n<p><strong>6.-FOR I LEGISLACI\u00d3<\/strong><\/p>\n<p>Les presents Condicions d\u2019\u00das se sotmeten a la legislaci\u00f3 espanyola, que ser\u00e0 aplicable en relaci\u00f3 amb la seua validesa, interpretaci\u00f3, execuci\u00f3 i compliment. Totes les discrep\u00e0ncies, reclamacions i controv\u00e8rsies respecte al que s\u2019ha disposat anteriorment es resoldran entre la part venedora i el consumidor mitjan\u00e7ant la intervenci\u00f3 i ajuda d\u2019una organitzaci\u00f3 de consumidors o d\u2019un altre organisme espanyol de resoluci\u00f3 de disputes enumerat en https:\/\/ec.europa.eu\/consumers\/odr\/main\/?event=main.adr.show2 (tots els organismes que apareixen en esta llista oferixen procediments de resoluci\u00f3 extrajudicial. Tots han sigut aprovats per est\u00e0ndards de qualitat relacionats amb l\u2019equitat, l\u2019efici\u00e8ncia i l\u2019accessibilitat, o un arbitratge de Consum).<\/p>\n<p>L\u2019Usuari declara haver llegit, con\u00e9ixer i acceptar les presents Condicions Generals en tota la seua extensi\u00f3.<\/p>\n<p>&nbsp;<\/p>\n","protected":false},"excerpt":{"rendered":"<p>1.-OBJECTE En compliment de la Llei 34\/2002, d\u201911 de juliol,  [&#8230;]<\/p>\n","protected":false},"author":1,"featured_media":0,"parent":0,"menu_order":0,"comment_status":"closed","ping_status":"closed","template":"100-width.php","meta":{"footnotes":""},"class_list":["post-929","page","type-page","status-publish","hentry"],"acf":[],"yoast_head":"<!-- This site is optimized with the Yoast SEO plugin v27.4 - https:\/\/yoast.com\/product\/yoast-seo-wordpress\/ -->\n<title>Condicions d\u2019\u00das de la Web | Rodamons Teatre<\/title>\n<meta name=\"description\" content=\"Coneix les condicions d\u2019\u00fas del lloc web de Rodamons Teatre, incloent drets, responsabilitats i normativa per a la correcta utilitzaci\u00f3 de continguts i serveis online.\" \/>\n<meta name=\"robots\" content=\"index, follow, max-snippet:-1, max-image-preview:large, max-video-preview:-1\" \/>\n<link rel=\"canonical\" href=\"https:\/\/rodamonsteatre.com\/ca\/condicions-dus\/\" \/>\n<meta property=\"og:locale\" content=\"ca_ES\" \/>\n<meta property=\"og:type\" content=\"article\" \/>\n<meta property=\"og:title\" content=\"Condicions d\u2019\u00das de la Web | Rodamons Teatre\" \/>\n<meta property=\"og:description\" content=\"Coneix les condicions d\u2019\u00fas del lloc web de Rodamons Teatre, incloent drets, responsabilitats i normativa per a la correcta utilitzaci\u00f3 de continguts i serveis online.\" \/>\n<meta property=\"og:url\" content=\"https:\/\/rodamonsteatre.com\/ca\/condicions-dus\/\" \/>\n<meta property=\"og:site_name\" content=\"rodamons teatre\" \/>\n<meta property=\"article:modified_time\" content=\"2025-12-30T09:46:13+00:00\" \/>\n<meta name=\"twitter:card\" content=\"summary_large_image\" \/>\n<meta name=\"twitter:label1\" content=\"Temps estimat de lectura\" \/>\n\t<meta name=\"twitter:data1\" content=\"11 minuts\" \/>\n<script type=\"application\/ld+json\" class=\"yoast-schema-graph\">{\"@context\":\"https:\\\/\\\/schema.org\",\"@graph\":[{\"@type\":\"WebPage\",\"@id\":\"https:\\\/\\\/rodamonsteatre.com\\\/ca\\\/condicions-dus\\\/\",\"url\":\"https:\\\/\\\/rodamonsteatre.com\\\/ca\\\/condicions-dus\\\/\",\"name\":\"Condicions d\u2019\u00das de la Web | Rodamons Teatre\",\"isPartOf\":{\"@id\":\"https:\\\/\\\/rodamonsteatre.com\\\/ca\\\/#website\"},\"datePublished\":\"2025-11-26T08:45:50+00:00\",\"dateModified\":\"2025-12-30T09:46:13+00:00\",\"description\":\"Coneix les condicions d\u2019\u00fas del lloc web de Rodamons Teatre, incloent drets, responsabilitats i normativa per a la correcta utilitzaci\u00f3 de continguts i serveis online.\",\"breadcrumb\":{\"@id\":\"https:\\\/\\\/rodamonsteatre.com\\\/ca\\\/condicions-dus\\\/#breadcrumb\"},\"inLanguage\":\"ca\",\"potentialAction\":[{\"@type\":\"ReadAction\",\"target\":[\"https:\\\/\\\/rodamonsteatre.com\\\/ca\\\/condicions-dus\\\/\"]}]},{\"@type\":\"BreadcrumbList\",\"@id\":\"https:\\\/\\\/rodamonsteatre.com\\\/ca\\\/condicions-dus\\\/#breadcrumb\",\"itemListElement\":[{\"@type\":\"ListItem\",\"position\":1,\"name\":\"Portada\",\"item\":\"https:\\\/\\\/rodamonsteatre.com\\\/ca\\\/\"},{\"@type\":\"ListItem\",\"position\":2,\"name\":\"Condicions d&#8217;\u00fas\"}]},{\"@type\":\"WebSite\",\"@id\":\"https:\\\/\\\/rodamonsteatre.com\\\/ca\\\/#website\",\"url\":\"https:\\\/\\\/rodamonsteatre.com\\\/ca\\\/\",\"name\":\"rodamons teatre\",\"description\":\"\",\"potentialAction\":[{\"@type\":\"SearchAction\",\"target\":{\"@type\":\"EntryPoint\",\"urlTemplate\":\"https:\\\/\\\/rodamonsteatre.com\\\/ca\\\/?s={search_term_string}\"},\"query-input\":{\"@type\":\"PropertyValueSpecification\",\"valueRequired\":true,\"valueName\":\"search_term_string\"}}],\"inLanguage\":\"ca\"}]}<\/script>\n<!-- \/ Yoast SEO plugin. -->","yoast_head_json":{"title":"Condicions d\u2019\u00das de la Web | Rodamons Teatre","description":"Coneix les condicions d\u2019\u00fas del lloc web de Rodamons Teatre, incloent drets, responsabilitats i normativa per a la correcta utilitzaci\u00f3 de continguts i serveis online.","robots":{"index":"index","follow":"follow","max-snippet":"max-snippet:-1","max-image-preview":"max-image-preview:large","max-video-preview":"max-video-preview:-1"},"canonical":"https:\/\/rodamonsteatre.com\/ca\/condicions-dus\/","og_locale":"ca_ES","og_type":"article","og_title":"Condicions d\u2019\u00das de la Web | Rodamons Teatre","og_description":"Coneix les condicions d\u2019\u00fas del lloc web de Rodamons Teatre, incloent drets, responsabilitats i normativa per a la correcta utilitzaci\u00f3 de continguts i serveis online.","og_url":"https:\/\/rodamonsteatre.com\/ca\/condicions-dus\/","og_site_name":"rodamons teatre","article_modified_time":"2025-12-30T09:46:13+00:00","twitter_card":"summary_large_image","twitter_misc":{"Temps estimat de lectura":"11 minuts"},"schema":{"@context":"https:\/\/schema.org","@graph":[{"@type":"WebPage","@id":"https:\/\/rodamonsteatre.com\/ca\/condicions-dus\/","url":"https:\/\/rodamonsteatre.com\/ca\/condicions-dus\/","name":"Condicions d\u2019\u00das de la Web | Rodamons Teatre","isPartOf":{"@id":"https:\/\/rodamonsteatre.com\/ca\/#website"},"datePublished":"2025-11-26T08:45:50+00:00","dateModified":"2025-12-30T09:46:13+00:00","description":"Coneix les condicions d\u2019\u00fas del lloc web de Rodamons Teatre, incloent drets, responsabilitats i normativa per a la correcta utilitzaci\u00f3 de continguts i serveis online.","breadcrumb":{"@id":"https:\/\/rodamonsteatre.com\/ca\/condicions-dus\/#breadcrumb"},"inLanguage":"ca","potentialAction":[{"@type":"ReadAction","target":["https:\/\/rodamonsteatre.com\/ca\/condicions-dus\/"]}]},{"@type":"BreadcrumbList","@id":"https:\/\/rodamonsteatre.com\/ca\/condicions-dus\/#breadcrumb","itemListElement":[{"@type":"ListItem","position":1,"name":"Portada","item":"https:\/\/rodamonsteatre.com\/ca\/"},{"@type":"ListItem","position":2,"name":"Condicions d&#8217;\u00fas"}]},{"@type":"WebSite","@id":"https:\/\/rodamonsteatre.com\/ca\/#website","url":"https:\/\/rodamonsteatre.com\/ca\/","name":"rodamons teatre","description":"","potentialAction":[{"@type":"SearchAction","target":{"@type":"EntryPoint","urlTemplate":"https:\/\/rodamonsteatre.com\/ca\/?s={search_term_string}"},"query-input":{"@type":"PropertyValueSpecification","valueRequired":true,"valueName":"search_term_string"}}],"inLanguage":"ca"}]}},"_hostinger_reach_plugin_has_subscription_block":false,"_hostinger_reach_plugin_is_elementor":false,"_links":{"self":[{"href":"https:\/\/rodamonsteatre.com\/ca\/wp-json\/wp\/v2\/pages\/929","targetHints":{"allow":["GET"]}}],"collection":[{"href":"https:\/\/rodamonsteatre.com\/ca\/wp-json\/wp\/v2\/pages"}],"about":[{"href":"https:\/\/rodamonsteatre.com\/ca\/wp-json\/wp\/v2\/types\/page"}],"author":[{"embeddable":true,"href":"https:\/\/rodamonsteatre.com\/ca\/wp-json\/wp\/v2\/users\/1"}],"replies":[{"embeddable":true,"href":"https:\/\/rodamonsteatre.com\/ca\/wp-json\/wp\/v2\/comments?post=929"}],"version-history":[{"count":3,"href":"https:\/\/rodamonsteatre.com\/ca\/wp-json\/wp\/v2\/pages\/929\/revisions"}],"predecessor-version":[{"id":1832,"href":"https:\/\/rodamonsteatre.com\/ca\/wp-json\/wp\/v2\/pages\/929\/revisions\/1832"}],"wp:attachment":[{"href":"https:\/\/rodamonsteatre.com\/ca\/wp-json\/wp\/v2\/media?parent=929"}],"curies":[{"name":"wp","href":"https:\/\/api.w.org\/{rel}","templated":true}]}}