{"id":927,"date":"2025-12-03T08:45:18","date_gmt":"2025-12-03T08:45:18","guid":{"rendered":"https:\/\/rodamonsteatre.com\/?page_id=927"},"modified":"2025-12-30T09:48:55","modified_gmt":"2025-12-30T09:48:55","slug":"ley-de-cookies","status":"publish","type":"page","link":"https:\/\/rodamonsteatre.com\/ca\/ley-de-cookies\/","title":{"rendered":"Ley de cookies"},"content":{"rendered":"<div class=\"entry-content\">\n<h2>POL\u00cdTICA DE <em>COOKIES<\/em><\/h2>\n<p>A causa de l\u2019entrada en vigor de la corresponent modificaci\u00f3 de la \u00abLlei de Serveis de la Societat de la Informaci\u00f3\u00bb (LSSICE), establida pel Reial decret 13\/2012, \u00e9s obligatori obtindre el consentiment expr\u00e9s de l\u2019usuari de totes les p\u00e0gines web que utilitzen <em>cookies<\/em> prescindibles abans que este navegue per elles.<\/p>\n<h2><span id=\"%C2%BFQUE_SON_LAS_COOKIES\" class=\"ez-toc-section\"><\/span>QU\u00c8 S\u00d3N LES <em>COOKIES<\/em>?<\/h2>\n<p>Les <em>cookies<\/em> i altres tecnologies similars, com ara local shared objects, flash <em>cookies<\/em> o p\u00edxels, s\u00f3n ferramentes utilitzades pels servidors web per a emmagatzemar i recuperar informaci\u00f3 sobre els seus visitants, aix\u00ed com per a oferir un correcte funcionament del lloc.<\/p>\n<p>Mitjan\u00e7ant l\u2019\u00fas d\u2019estos dispositius es permet al servidor web recordar algunes dades relatives a l\u2019usuari, com ara les seues prefer\u00e8ncies de visualitzaci\u00f3 de les p\u00e0gines d\u2019eixe servidor, nom i contrasenya, productes que m\u00e9s li interessen, etc.<\/p>\n<h2><span id=\"COOKIES_AFECTADAS_POR_LA_NORMATIVA_Y_COOKIES_EXCEPTUADAS\" class=\"ez-toc-section\"><\/span><em>COOKIES<\/em> AFECTADES PER LA NORMATIVA I <em>COOKIES<\/em> EXCEPTUADES<\/h2>\n<p>Segons la directiva de la UE, les <em>cookies<\/em> que requerixen el consentiment informat per part de l\u2019usuari s\u00f3n les <em>cookies<\/em> d\u2019anal\u00edtica i les de publicitat i afiliaci\u00f3, quedant exceptuades les de car\u00e0cter t\u00e8cnic i les necess\u00e0ries per al funcionament del lloc web o la prestaci\u00f3 de serveis expressament sol\u00b7licitats per l\u2019usuari.<\/p>\n<h2><span id=\"%C2%BFQUE_TIPOS_DE_COOKIES_EXISTEN\" class=\"ez-toc-section\"><\/span>QUINS TIPUS DE <em>COOKIES<\/em> EXISTIXEN?<\/h2>\n<h3><span id=\"SEGUN_LA_FINALIDAD\" class=\"ez-toc-section\"><\/span><strong>SEGONS LA FINALITAT<\/strong><\/h3>\n<ul>\n<li><strong><em>Cookies<\/em> t\u00e8cniques i funcionals<\/strong>: s\u00f3n aquelles que permeten a l\u2019usuari la navegaci\u00f3 a trav\u00e9s d\u2019una p\u00e0gina web, plataforma o aplicaci\u00f3 i la utilitzaci\u00f3 de les diferents opcions o serveis que hi existisquen.<\/li>\n<li><strong><em>Cookies<\/em> anal\u00edtiques<\/strong>: s\u00f3n aquelles que permeten al responsable fer el seguiment i an\u00e0lisi del comportament dels usuaris dels llocs web als quals estan vinculades. La informaci\u00f3 recollida s\u2019utilitza per a mesurar l\u2019activitat dels llocs web, aplicacions o plataformes i per a elaborar perfils de navegaci\u00f3 dels usuaris, amb la finalitat d\u2019introduir millores segons l\u2019an\u00e0lisi de les dades d\u2019\u00fas.<\/li>\n<li><strong><em>Cookies<\/em> publicit\u00e0ries<\/strong>: permeten la gesti\u00f3, de la manera m\u00e9s efica\u00e7 possible, dels espais publicitaris que, si escau, l\u2019editor haja incl\u00f2s en una p\u00e0gina web, aplicaci\u00f3 o plataforma, en funci\u00f3 de criteris com el contingut editat o la freq\u00fc\u00e8ncia amb qu\u00e8 es mostren els anuncis.<\/li>\n<li><strong><em>Cookies<\/em> de publicitat comportamental<\/strong>: recullen informaci\u00f3 sobre les prefer\u00e8ncies i eleccions personals de l\u2019usuari (retargeting) per a permetre la gesti\u00f3 m\u00e9s eficient dels espais publicitaris.<\/li>\n<li><strong><em>Cookies<\/em> socials<\/strong>: s\u00f3n establides per les plataformes de xarxes socials per a permetre compartir continguts amb amistats i xarxes. Estes plataformes poden rastrejar l\u2019activitat en l\u00ednia fora dels seus serveis.<\/li>\n<li><strong><em>Cookies<\/em> d\u2019afiliats<\/strong>: permeten fer un seguiment de les visites procedents d\u2019altres webs amb les quals el lloc web establix un contracte d\u2019afiliaci\u00f3.<\/li>\n<li><strong><em>Cookies<\/em> de seguretat<\/strong>: emmagatzemen informaci\u00f3 xifrada per a evitar que les dades guardades siguen vulnerables a atacs maliciosos de tercers.<\/li>\n<\/ul>\n<h3><span id=\"SEGUN_LA_PROPIEDAD\" class=\"ez-toc-section\"><\/span><strong>SEGONS LA PROPIETAT<\/strong><\/h3>\n<ul>\n<li><strong><em>Cookies<\/em> pr\u00f2pies<\/strong>: s\u00f3n les que s\u2019envien a l\u2019equip terminal de l\u2019usuari des d\u2019un equip o domini gestionat pel propi editor.<\/li>\n<li><strong><em>Cookies<\/em> de tercers<\/strong>: s\u00f3n les que s\u2019envien des d\u2019un equip o domini que no \u00e9s gestionat per l\u2019editor, sin\u00f3 per una altra entitat.<\/li>\n<\/ul>\n<h3><span id=\"SEGUN_EL_PLAZO_DE_CONSERVACION\" class=\"ez-toc-section\"><\/span><strong>SEGONS EL TERMINI DE CONSERVACI\u00d3<\/strong><\/h3>\n<ul>\n<li><strong><em>Cookies<\/em> de sessi\u00f3<\/strong>: dissenyades per a recollir i emmagatzemar dades mentre l\u2019usuari accedix a una p\u00e0gina web.<\/li>\n<li><strong><em>Cookies<\/em> persistents<\/strong>: les dades romanen emmagatzemades en el terminal i poden ser tractades durant un per\u00edode definit pel responsable de la <em>cookie<\/em>.<\/li>\n<\/ul>\n<h2><span id=\"COOKIES_UTILIZADAS_EN_ESTE_SITIO_WEB\" class=\"ez-toc-section\"><\/span><em>COOKIES<\/em> UTILITZADES EN ESTE LLOC WEB<\/h2>\n<h3><span id=\"COOKIES_CONTROLADAS_POR_EL_EDITOR\" class=\"ez-toc-section\"><\/span><em>COOKIES<\/em> CONTROLADES PER L\u2019EDITOR<\/h3>\n<h4><span id=\"Tecnicas_y_funcionales\" class=\"ez-toc-section\"><\/span><strong>T\u00e8cniques i funcionals<\/strong><\/h4>\n<figure class=\"wp-block-table is-style-regular\">\n<table class=\"has-fixed-layout\">\n<thead>\n<tr>\n<th><strong>Propietat<\/strong><\/th>\n<th><strong><em>Cookie<\/em><\/strong><\/th>\n<th><strong>Finalitat<\/strong><\/th>\n<th><strong>Termini<\/strong><\/th>\n<\/tr>\n<\/thead>\n<tbody>\n<tr>\n<td>rodamonsteatre.com<\/td>\n<td><strong>cmplz_marketing<\/strong><\/td>\n<td><em>Cookie<\/em> necess\u00e0ria per a l\u2019\u00fas de les opcions i serveis del lloc web<\/td>\n<td>un any<\/td>\n<\/tr>\n<tr>\n<td>rodamonsteatre.com<\/td>\n<td><strong>complianz_consent_status<\/strong><\/td>\n<td><em>Cookie<\/em> necess\u00e0ria per a l\u2019\u00fas de les opcions i serveis del lloc web<\/td>\n<td>un any<\/td>\n<\/tr>\n<tr>\n<td>rodamonsteatre.com<\/td>\n<td><strong>complianz_policy_id<\/strong><\/td>\n<td><em>Cookie<\/em> necess\u00e0ria per a l\u2019\u00fas de les opcions i serveis del lloc web<\/td>\n<td>un any<\/td>\n<\/tr>\n<tr>\n<td>rodamonsteatre.com<\/td>\n<td><strong>tocplus_hideto<br \/>\nc<\/strong><\/td>\n<td><em>Cookie<\/em> necess\u00e0ria per a l\u2019\u00fas de les opcions i serveis del lloc web<\/td>\n<td>un mes<\/td>\n<\/tr>\n<\/tbody>\n<\/table>\n<\/figure>\n<h4><span id=\"Analiticas\" class=\"ez-toc-section\"><\/span><strong>Anal\u00edtiques<\/strong><\/h4>\n<figure class=\"wp-block-table\">\n<table class=\"has-fixed-layout\">\n<thead>\n<tr>\n<th><strong>Propietat<\/strong><\/th>\n<th><strong><em>Cookie<\/em><\/strong><\/th>\n<th><strong>Finalitat<\/strong><\/th>\n<th><strong>Termini<\/strong><\/th>\n<\/tr>\n<\/thead>\n<tbody>\n<tr>\n<td>rodamonsteatre.com<\/td>\n<td><strong>_ga<\/strong><\/td>\n<td>ID utilitzat per a identificar els usuaris<\/td>\n<td>2 anys<\/td>\n<\/tr>\n<tr>\n<td>rodamonsteatre.com<\/td>\n<td><strong>_gat<\/strong><\/td>\n<td>S\u2019utilitza per a monitorar el nombre de peticions al servidor de Google Analytics<\/td>\n<td>sessi\u00f3<\/td>\n<\/tr>\n<tr>\n<td>rodamonsteatre.com<\/td>\n<td><strong>_gid<\/strong><\/td>\n<td>ID utilitzat per a identificar els usuaris durant 24 hores despr\u00e9s de l\u2019\u00faltima activitat<\/td>\n<td>22 hores<\/td>\n<\/tr>\n<\/tbody>\n<\/table>\n<\/figure>\n<h3><span id=\"COOKIES_DE_TERCEROS\" class=\"ez-toc-section\"><\/span><em>COOKIES<\/em> DE TERCERS<\/h3>\n<p>Els serveis de tercers s\u00f3n aliens al control de l\u2019editor. Els prove\u00efdors poden modificar en qualsevol moment les seues condicions de servei, finalitat i \u00fas de les <em>cookies<\/em>.<\/p>\n<h4><span id=\"Proveedores_externos_de_este_sitio_web\" class=\"ez-toc-section\"><\/span><strong>Prove\u00efdors externs d\u2019este lloc web:<\/strong><\/h4>\n<figure class=\"wp-block-table\">\n<table class=\"has-fixed-layout\">\n<thead>\n<tr>\n<th>Editor<\/th>\n<th>Pol\u00edtica de privacitat<\/th>\n<\/tr>\n<\/thead>\n<tbody>\n<tr>\n<td>Google Analytics<\/td>\n<td><a href=\"https:\/\/privacy.google.com\/take-control.html\" target=\"_blank\" rel=\"noreferrer noopener nofollow\">https:\/\/privacy.google.com\/take-control.html<\/a><\/td>\n<\/tr>\n<tr>\n<td>Xarxes socials<\/td>\n<td><a href=\"https:\/\/www.facebook.com\/policies\/cookies\/\" target=\"_blank\" rel=\"noreferrer noopener nofollow\">Facebook<\/a><\/td>\n<\/tr>\n<\/tbody>\n<\/table>\n<\/figure>\n<h2><span id=\"REVOCACION_DEL_CONSENTIMIENTO_PARA_INSTALAR_COOKIES\" class=\"ez-toc-section\"><\/span>REVOCACI\u00d3 DEL CONSENTIMENT PER A INSTAL\u00b7LAR <em>COOKIES<\/em><\/h2>\n<p><strong>Podeu seguir les instruccions seg\u00fcents per a revocar les <em><a href=\"https:\/\/www.excavacionesvalencia\/politica-de-cookies\/\" target=\"_blank\" rel=\"noreferrer noopener\">cookies<\/a><\/em>.<\/strong><\/p>\n<h2><span id=\"COMO_GESTIONAR_LAS_COOKIES_DESDE_EL_NAVEGADOR\" class=\"ez-toc-section\"><\/span>COM GESTIONAR LES <em>COOKIES<\/em> DES DEL NAVEGADOR<\/h2>\n<ul>\n<li><strong>Eliminar les <em>cookies<\/em> del dispositiu<\/strong>: es poden eliminar esborrant l\u2019historial del navegador. A\u00e7\u00f2 pot comportar la p\u00e8rdua d\u2019alguna informaci\u00f3 guardada.<\/li>\n<li><strong>Gestionar les <em>cookies<\/em> espec\u00edfiques del lloc<\/strong>: els usuaris poden ajustar la configuraci\u00f3 de privacitat i <em>cookies<\/em> en el navegador.<\/li>\n<li><strong>Bloquejar les <em>cookies<\/em><\/strong>: alguns serveis i funcionalitats poden no funcionar correctament.<\/li>\n<\/ul>\n<h2><span id=\"COMO_ELIMINAR_LAS_COOKIES_DE_LOS_NAVEGADORES_MAS_COMUNES\" class=\"ez-toc-section\"><\/span>COM ELIMINAR LES <em>COOKIES<\/em> DELS NAVEGADORS M\u00c9S COMUNS<\/h2>\n<h3><span id=\"Chrome\" class=\"ez-toc-section\"><\/span>Chrome<\/h3>\n<p>1. Seleccioneu la icona d\u2019Eines.<br \/>\n2. Feu clic en Configuraci\u00f3.<br \/>\n3. Feu clic en Mostrar opcions avan\u00e7ades.<br \/>\n4. En l\u2019apartat \u00abPrivacitat\u00bb, feu clic en Configuraci\u00f3 de contingut.<br \/>\n\u2022 Eliminar cookies: feu clic en Totes les cookies i dades dels llocs.<br \/>\n\u2022 No permetre que s\u2019emmagatzemen cookies.<br \/>\n5. Feu clic en Eliminar dades de navegaci\u00f3.<br \/>\n6. Tanqueu i reinicieu el navegador.<\/p>\n<h3><span id=\"Internet_Explorer_Version_11\" class=\"ez-toc-section\"><\/span>Internet Explorer. Versi\u00f3 11<\/h3>\n<p>1. Seleccioneu Eines | Opcions d\u2019Internet.<br \/>\n2. Feu clic en la pestanya General.<br \/>\n3. En \u00abHistorial de navegaci\u00f3\u00bb, marqueu Eliminar l\u2019historial en eixir.<br \/>\n4. Seleccioneu Eliminar arxius i cookies.<br \/>\n5. Feu clic en Eliminar i Acceptar.<br \/>\n6. Tanqueu i reinicieu el navegador.<\/p>\n<h3><span id=\"Mozilla_Firefox_Version_18\" class=\"ez-toc-section\"><\/span>Mozilla Firefox. Versi\u00f3 18<\/h3>\n<p>1. Firefox | Historial | Netejar historial recent.<br \/>\n2. Seleccioneu Cookies, Mem\u00f2ria cau i Inicis de sessi\u00f3 actius.<br \/>\n3. Interval de temps: Tot.<br \/>\n4. Feu clic en Netejar ara.<br \/>\n5. Tanqueu i reinicieu el navegador.<\/p>\n<h3><span id=\"Safari_Version_51\" class=\"ez-toc-section\"><\/span>Safari Versi\u00f3 5.1<\/h3>\n<p>1. Safari \/ Editar | Restaurar Safari.<br \/>\n2. Marqueu Esborrar historial i Eliminar dades del lloc web.<br \/>\n3. Feu clic en Restaurar.<br \/>\n4. Tanqueu i reinicieu el navegador.<\/p>\n<h3><span id=\"Opera\" class=\"ez-toc-section\"><\/span>Opera<\/h3>\n<p>Opcions \u2013 Avan\u00e7at \u2013 Cookies.<br \/>\nLes opcions de <em>cookies<\/em> controlen com Opera les gestiona.<\/p>\n<h3><span id=\"Otros_navegadores\" class=\"ez-toc-section\"><\/span>Altres navegadors<\/h3>\n<p>Consulteu la documentaci\u00f3 del navegador que tingueu instal\u00b7lat.<\/p>\n<hr class=\"wp-block-separator\" \/>\n<\/div>\n","protected":false},"excerpt":{"rendered":"<p>POL\u00cdTICA DE COOKIES A causa de l\u2019entrada en vigor de  [&#8230;]<\/p>\n","protected":false},"author":1,"featured_media":0,"parent":0,"menu_order":0,"comment_status":"closed","ping_status":"closed","template":"100-width.php","meta":{"footnotes":""},"class_list":["post-927","page","type-page","status-publish","hentry"],"acf":[],"yoast_head":"<!-- This site is optimized with the Yoast SEO plugin v27.4 - https:\/\/yoast.com\/product\/yoast-seo-wordpress\/ -->\n<title>Pol\u00edtica de Cookies | Rodamons Teatre Web Segura i Transparente<\/title>\n<meta name=\"description\" content=\"Consulta la pol\u00edtica de cookies de Rodamons Teatre: informaci\u00f3 sobre l\u2019\u00fas de cookies, consentiment dels usuaris i garantia de navegaci\u00f3 segura i legal.\" \/>\n<meta name=\"robots\" content=\"index, follow, max-snippet:-1, max-image-preview:large, max-video-preview:-1\" \/>\n<link rel=\"canonical\" href=\"https:\/\/rodamonsteatre.com\/ca\/ley-de-cookies\/\" \/>\n<meta property=\"og:locale\" content=\"ca_ES\" \/>\n<meta property=\"og:type\" content=\"article\" \/>\n<meta property=\"og:title\" content=\"Pol\u00edtica de Cookies | Rodamons Teatre Web Segura i Transparente\" \/>\n<meta property=\"og:description\" content=\"Consulta la pol\u00edtica de cookies de Rodamons Teatre: informaci\u00f3 sobre l\u2019\u00fas de cookies, consentiment dels usuaris i garantia de navegaci\u00f3 segura i legal.\" \/>\n<meta property=\"og:url\" content=\"https:\/\/rodamonsteatre.com\/ca\/ley-de-cookies\/\" \/>\n<meta property=\"og:site_name\" content=\"rodamons teatre\" \/>\n<meta property=\"article:modified_time\" content=\"2025-12-30T09:48:55+00:00\" \/>\n<meta name=\"twitter:card\" content=\"summary_large_image\" \/>\n<meta name=\"twitter:label1\" content=\"Temps estimat de lectura\" \/>\n\t<meta name=\"twitter:data1\" content=\"6 minuts\" \/>\n<script type=\"application\/ld+json\" class=\"yoast-schema-graph\">{\"@context\":\"https:\\\/\\\/schema.org\",\"@graph\":[{\"@type\":\"WebPage\",\"@id\":\"https:\\\/\\\/rodamonsteatre.com\\\/ca\\\/ley-de-cookies\\\/\",\"url\":\"https:\\\/\\\/rodamonsteatre.com\\\/ca\\\/ley-de-cookies\\\/\",\"name\":\"Pol\u00edtica de Cookies | Rodamons Teatre Web Segura i Transparente\",\"isPartOf\":{\"@id\":\"https:\\\/\\\/rodamonsteatre.com\\\/ca\\\/#website\"},\"datePublished\":\"2025-12-03T08:45:18+00:00\",\"dateModified\":\"2025-12-30T09:48:55+00:00\",\"description\":\"Consulta la pol\u00edtica de cookies de Rodamons Teatre: informaci\u00f3 sobre l\u2019\u00fas de cookies, consentiment dels usuaris i garantia de navegaci\u00f3 segura i legal.\",\"breadcrumb\":{\"@id\":\"https:\\\/\\\/rodamonsteatre.com\\\/ca\\\/ley-de-cookies\\\/#breadcrumb\"},\"inLanguage\":\"ca\",\"potentialAction\":[{\"@type\":\"ReadAction\",\"target\":[\"https:\\\/\\\/rodamonsteatre.com\\\/ca\\\/ley-de-cookies\\\/\"]}]},{\"@type\":\"BreadcrumbList\",\"@id\":\"https:\\\/\\\/rodamonsteatre.com\\\/ca\\\/ley-de-cookies\\\/#breadcrumb\",\"itemListElement\":[{\"@type\":\"ListItem\",\"position\":1,\"name\":\"Portada\",\"item\":\"https:\\\/\\\/rodamonsteatre.com\\\/ca\\\/\"},{\"@type\":\"ListItem\",\"position\":2,\"name\":\"Ley de cookies\"}]},{\"@type\":\"WebSite\",\"@id\":\"https:\\\/\\\/rodamonsteatre.com\\\/ca\\\/#website\",\"url\":\"https:\\\/\\\/rodamonsteatre.com\\\/ca\\\/\",\"name\":\"rodamons teatre\",\"description\":\"\",\"potentialAction\":[{\"@type\":\"SearchAction\",\"target\":{\"@type\":\"EntryPoint\",\"urlTemplate\":\"https:\\\/\\\/rodamonsteatre.com\\\/ca\\\/?s={search_term_string}\"},\"query-input\":{\"@type\":\"PropertyValueSpecification\",\"valueRequired\":true,\"valueName\":\"search_term_string\"}}],\"inLanguage\":\"ca\"}]}<\/script>\n<!-- \/ Yoast SEO plugin. -->","yoast_head_json":{"title":"Pol\u00edtica de Cookies | Rodamons Teatre Web Segura i Transparente","description":"Consulta la pol\u00edtica de cookies de Rodamons Teatre: informaci\u00f3 sobre l\u2019\u00fas de cookies, consentiment dels usuaris i garantia de navegaci\u00f3 segura i legal.","robots":{"index":"index","follow":"follow","max-snippet":"max-snippet:-1","max-image-preview":"max-image-preview:large","max-video-preview":"max-video-preview:-1"},"canonical":"https:\/\/rodamonsteatre.com\/ca\/ley-de-cookies\/","og_locale":"ca_ES","og_type":"article","og_title":"Pol\u00edtica de Cookies | Rodamons Teatre Web Segura i Transparente","og_description":"Consulta la pol\u00edtica de cookies de Rodamons Teatre: informaci\u00f3 sobre l\u2019\u00fas de cookies, consentiment dels usuaris i garantia de navegaci\u00f3 segura i legal.","og_url":"https:\/\/rodamonsteatre.com\/ca\/ley-de-cookies\/","og_site_name":"rodamons teatre","article_modified_time":"2025-12-30T09:48:55+00:00","twitter_card":"summary_large_image","twitter_misc":{"Temps estimat de lectura":"6 minuts"},"schema":{"@context":"https:\/\/schema.org","@graph":[{"@type":"WebPage","@id":"https:\/\/rodamonsteatre.com\/ca\/ley-de-cookies\/","url":"https:\/\/rodamonsteatre.com\/ca\/ley-de-cookies\/","name":"Pol\u00edtica de Cookies | Rodamons Teatre Web Segura i Transparente","isPartOf":{"@id":"https:\/\/rodamonsteatre.com\/ca\/#website"},"datePublished":"2025-12-03T08:45:18+00:00","dateModified":"2025-12-30T09:48:55+00:00","description":"Consulta la pol\u00edtica de cookies de Rodamons Teatre: informaci\u00f3 sobre l\u2019\u00fas de cookies, consentiment dels usuaris i garantia de navegaci\u00f3 segura i legal.","breadcrumb":{"@id":"https:\/\/rodamonsteatre.com\/ca\/ley-de-cookies\/#breadcrumb"},"inLanguage":"ca","potentialAction":[{"@type":"ReadAction","target":["https:\/\/rodamonsteatre.com\/ca\/ley-de-cookies\/"]}]},{"@type":"BreadcrumbList","@id":"https:\/\/rodamonsteatre.com\/ca\/ley-de-cookies\/#breadcrumb","itemListElement":[{"@type":"ListItem","position":1,"name":"Portada","item":"https:\/\/rodamonsteatre.com\/ca\/"},{"@type":"ListItem","position":2,"name":"Ley de cookies"}]},{"@type":"WebSite","@id":"https:\/\/rodamonsteatre.com\/ca\/#website","url":"https:\/\/rodamonsteatre.com\/ca\/","name":"rodamons teatre","description":"","potentialAction":[{"@type":"SearchAction","target":{"@type":"EntryPoint","urlTemplate":"https:\/\/rodamonsteatre.com\/ca\/?s={search_term_string}"},"query-input":{"@type":"PropertyValueSpecification","valueRequired":true,"valueName":"search_term_string"}}],"inLanguage":"ca"}]}},"_hostinger_reach_plugin_has_subscription_block":false,"_hostinger_reach_plugin_is_elementor":false,"_links":{"self":[{"href":"https:\/\/rodamonsteatre.com\/ca\/wp-json\/wp\/v2\/pages\/927","targetHints":{"allow":["GET"]}}],"collection":[{"href":"https:\/\/rodamonsteatre.com\/ca\/wp-json\/wp\/v2\/pages"}],"about":[{"href":"https:\/\/rodamonsteatre.com\/ca\/wp-json\/wp\/v2\/types\/page"}],"author":[{"embeddable":true,"href":"https:\/\/rodamonsteatre.com\/ca\/wp-json\/wp\/v2\/users\/1"}],"replies":[{"embeddable":true,"href":"https:\/\/rodamonsteatre.com\/ca\/wp-json\/wp\/v2\/comments?post=927"}],"version-history":[{"count":3,"href":"https:\/\/rodamonsteatre.com\/ca\/wp-json\/wp\/v2\/pages\/927\/revisions"}],"predecessor-version":[{"id":1834,"href":"https:\/\/rodamonsteatre.com\/ca\/wp-json\/wp\/v2\/pages\/927\/revisions\/1834"}],"wp:attachment":[{"href":"https:\/\/rodamonsteatre.com\/ca\/wp-json\/wp\/v2\/media?parent=927"}],"curies":[{"name":"wp","href":"https:\/\/api.w.org\/{rel}","templated":true}]}}