{"id":925,"date":"2025-12-10T08:45:09","date_gmt":"2025-12-10T08:45:09","guid":{"rendered":"https:\/\/rodamonsteatre.com\/?page_id=925"},"modified":"2025-12-30T09:52:06","modified_gmt":"2025-12-30T09:52:06","slug":"politica-de-privacitat","status":"publish","type":"page","link":"https:\/\/rodamonsteatre.com\/ca\/politica-de-privacitat\/","title":{"rendered":"Pol\u00edtica de privacitat"},"content":{"rendered":"<h2>POL\u00cdTICA DE PROTECCI\u00d3 DE DADES<\/h2>\n<p>En compliment dels requisits establerts per la Llei 34\/2002 LSSICE i pel REGLAMENT (UE) 2016\/679 DEL PARLAMENT EUROPEU I DEL CONSELL de 27 d\u2019abril de 2016 relatiu a la protecci\u00f3 de les persones f\u00edsiques respecte del tractament de dades personals i la lliure circulaci\u00f3 d\u2019aquestes dades, li informem que:<\/p>\n<p>Normalment \u00e9s possible utilitzar el nostre lloc web sense aportar dades personals. Si les seues dades personals (p. ex., nom, adre\u00e7a o correu electr\u00f2nic) s\u00f3n recollides al nostre lloc web, sempre ser\u00e0 opcional dins del possible.<\/p>\n<p>Aqu\u00ed li expliquem quan recollim dades, qui \u00e9s el responsable de les dades recollides, la legitimaci\u00f3 d\u2019aquesta recollida, amb quina finalitat les recollim, qu\u00e8 fem amb les dades, com les protegim i com pot exercir els seus drets.<\/p>\n<p>**Important:** No compartirem, vendrem ni llogarem la seua informaci\u00f3 personal a tercers. Podem compartir certa informaci\u00f3 amb prove\u00efdors de serveis de tercers autoritzats necessaris per prestar-li els nostres serveis.<\/p>\n<h3><strong>1. Qui \u00e9s el responsable de les seues dades<\/strong><\/h3>\n<p>El responsable del tractament de les dades recollides a trav\u00e9s d\u2019aquest lloc web, aplicacions i altres mitjans digitals o impresos \u00e9s:<\/p>\n<p>**rodamonsteatre.com**, titular:<br \/>\nRODAMONS TEATRE COOP V<br \/>\nCIF :F96967096<br \/>\nC\/Miguel monz\u00f3,19 bajo, 46120 Alboraya, Valencia<\/p>\n<p>(d\u2019ara endavant, \u201crodamonsteatre.com\u201d).<\/p>\n<h3><strong>2. Resum de com utilitzem les seues dades<\/strong><\/h3>\n<p>rodamonsteatre.com utilitza les dades personals per a finalitats diferents segons la relaci\u00f3 amb l\u2019usuari, com ara administrar la relaci\u00f3 de client, gestionar facturaci\u00f3, comunicacions eficients, enviar informaci\u00f3 com a subscriptor o respondre consultes i sol\u00b7licituds.<\/p>\n<h3><strong>Sistemes de captura de dades, finalitats, legitimaci\u00f3 i temps de tractament<\/strong><\/h3>\n<ul>\n<li><strong>Formulari de contacte:<\/strong> Si omple un formulari de consulta i accepta el tractament, la base legal \u00e9s el seu consentiment. Les dades seran utilitzades nom\u00e9s per respondre la consulta i eliminades a 7 dies despr\u00e9s de l\u2019\u00faltima comunicaci\u00f3, mantenint nom\u00e9s registres estad\u00edstics.<\/li>\n<li><strong>Registre d\u2019usuari:<\/strong> Si es registra a la web i accepta, la base legal \u00e9s el consentiment expl\u00edcit. Les dades seran utilitzades per autenticar-lo i donar-li acc\u00e9s a \u00e0rees privades. Les dades s\u2019eliminaran quan es doni de baixa.<\/li>\n<li><strong>Contractaci\u00f3 de serveis:<\/strong> La base legal \u00e9s la relaci\u00f3 contractual. Les dades seran utilitzades per gestions administratives, facturaci\u00f3, atenci\u00f3 al client, notificacions t\u00e8cniques, comunicacions de modificacions, enquestes i obligacions legals. Les dades s\u2019eliminaran segons la llei a 6 anys despr\u00e9s de finalitzar la relaci\u00f3.<\/li>\n<li><strong>Subscripci\u00f3 a mailing:<\/strong> La base legal \u00e9s el consentiment. Les dades s\u2019utilitzaran per enviar informaci\u00f3 comercial, novetats i promocions. L\u2019usuari pot donar-se de baixa en qualsevol moment a <a href=\"mailto:bajas@rodamonsteatre.com\">bajas@rodamonsteatre.com<\/a> o des de l\u2019enlla\u00e7 incl\u00f2s a cada correu.<\/li>\n<li><strong>Cookies:<\/strong> L\u2019usuari pot consultar la pol\u00edtica de cookies per ampliar informaci\u00f3 sobre el seu \u00fas i com desactivar-les.<\/li>\n<li><strong>Google Analytics:<\/strong> Les dades s\u2019utilitzen de manera agregada per analitzar prefer\u00e8ncies, caracter\u00edstiques demogr\u00e0fiques i patrons de tr\u00e0nsit dels usuaris.<\/li>\n<\/ul>\n<h3><strong>3. Informaci\u00f3 recopilada i categories de dades<\/strong><\/h3>\n<p>Les dades personals que podem recollir inclouen:<\/p>\n<ul>\n<li>Nom i cognoms<\/li>\n<li>Correu electr\u00f2nic<\/li>\n<li>Tel\u00e8fon<\/li>\n<li>Adre\u00e7a postal<\/li>\n<li>Dades de pagament (adre\u00e7a de facturaci\u00f3, DNI\/CIF, dades banc\u00e0ries segons sigui necessari)<\/li>\n<li>Informaci\u00f3 del navegador o dispositiu utilitzat<\/li>\n<li>Adre\u00e7a IP per verificar comunicacions i complir requeriments legals davant autoritats<\/li>\n<\/ul>\n<h3><strong>4. Mesures de seguretat<\/strong><\/h3>\n<p>rodamonsteatre.com ha implementat mesures t\u00e8cniques i organitzatives per garantir la seguretat de les dades, evitar alteracions, p\u00e8rdues o accessos no autoritzats, conforme al RGPD. Es supervisen i controlen cont\u00ednuament els processos per assegurar el respecte a la privacitat.<\/p>\n<h3><strong>5. Drets dels usuaris<\/strong><\/h3>\n<p>L\u2019usuari t\u00e9 dret a:<\/p>\n<ul>\n<li>Accedir a les seves dades personals.<\/li>\n<li>Solicitar rectificaci\u00f3 o supressi\u00f3.<\/li>\n<li>Sol\u00b7licitar limitaci\u00f3 del tractament.<\/li>\n<li>Oposar-se al tractament.<\/li>\n<li>Portabilitat de dades.<\/li>\n<li>Retirar el consentiment.<\/li>\n<\/ul>\n<p>Per exercir els drets, contactar amb <a href=\"mailto:info@rodamonsteatre.com\">info@rodamonsteatre.com<\/a> o enviar sol\u00b7licitud escrita a C\/ Caurin 33 baix, 46191 Villamarxant, Val\u00e8ncia, a l\u2019atenci\u00f3 del Dpt. de \u201cProtecci\u00f3 de Dades\u201d, adjuntant document d\u2019identitat.<\/p>\n<h3><strong>6. Comunicaci\u00f3 de dades a tercers<\/strong><\/h3>\n<p>Les dades poden ser comunicades a:<\/p>\n<ul>\n<li>Administracions p\u00fabliques, Forces i Cossos de Seguretat, Jutges, Ministeri Fiscal, Tribunals i altres \u00f2rgans legals.<\/li>\n<li>Prove\u00efdors i professionals que presten serveis a rodamonsteatre.com (allotjament web, assessorament, m\u00e0rqueting, etc.) sota contracte de tractament conforme RGPD.<\/li>\n<li>Plataformes web: WordPress.org<\/li>\n<li>Plantilles WordPress: Avada<\/li>\n<li>Google Analytics<\/li>\n<\/ul>\n<p>Les dades nom\u00e9s es poden utilitzar per a les finalitats acordades i s\u2019aplicaran mesures de seguretat i eliminaci\u00f3 establertes.<\/p>\n<h3><strong>7. Tercers amb acc\u00e9s a dades a trav\u00e9s de cookies<\/strong><\/h3>\n<p>Utilitzem Google Analytics i altres eines de tercers per analitzar el comportament web. Les xarxes socials poden utilitzar cookies quan interactueu amb els seus serveis integrats (Facebook, YouTube, Instagram, Flickr). rodamonsteatre.com no controla aquestes cookies, recomanant revisar les pol\u00edtiques de privacitat de cada plataforma.<\/p>\n<ul>\n<li>Facebook: https:\/\/www.facebook.com\/help\/323540651073243\/<\/li>\n<li>YouTube: http:\/\/www.google.es\/intl\/es\/policies\/privacy\/<\/li>\n<li>Google Plus: http:\/\/www.google.es\/intl\/es\/policies\/privacy\/<\/li>\n<li>Twitter: https:\/\/twitter.com\/privacy<\/li>\n<li>Instagram: https:\/\/help.instagram.com\/155833707900388<\/li>\n<\/ul>\n<h3><strong>8. Compromisos de rodamonsteatre.com<\/strong><\/h3>\n<ol>\n<li>No cedir dades a tercers fora de les finalitats establertes i obligacions legals.<\/li>\n<li>Utilitzar dades nom\u00e9s per a les finalitats indicades.<\/li>\n<li>Eliminar dades dels usuaris segons els terminis legals o quan l\u2019usuari sol\u00b7liciti la supressi\u00f3.<\/li>\n<\/ol>\n<h3><strong>9. Acceptaci\u00f3, consentiment i revocabilitat<\/strong><\/h3>\n<p>L\u2019usuari accepta el tractament de dades segons les finalitats indicades. Pot revocar el consentiment en qualsevol moment sense efectes retroactius.<\/p>\n<h3><strong>10. Canvis en la pol\u00edtica de privacitat<\/strong><\/h3>\n<p>rodamonsteatre.com es reserva el dret de modificar aquesta pol\u00edtica per adaptar-se a novetats legislatives, jurisprudencials o pr\u00e0ctiques de la ind\u00fastria, anunciant els canvis amb antelaci\u00f3 raonable.<\/p>\n","protected":false},"excerpt":{"rendered":"<p>POL\u00cdTICA DE PROTECCI\u00d3 DE DADES En compliment dels requisits establerts  [&#8230;]<\/p>\n","protected":false},"author":1,"featured_media":0,"parent":0,"menu_order":0,"comment_status":"closed","ping_status":"closed","template":"100-width.php","meta":{"footnotes":""},"class_list":["post-925","page","type-page","status-publish","hentry"],"acf":[],"yoast_head":"<!-- This site is optimized with the Yoast SEO plugin v27.4 - https:\/\/yoast.com\/product\/yoast-seo-wordpress\/ -->\n<title>Pol\u00edtica de Privacitat | Rodamons Teatre Protecci\u00f3 de Dades<\/title>\n<meta name=\"description\" content=\"Coneix la pol\u00edtica de privacitat de Rodamons Teatre: com gestionem les dades personals dels usuaris, assegurant seguretat, confidencialitat i compliment legal.\" \/>\n<meta name=\"robots\" content=\"index, follow, max-snippet:-1, max-image-preview:large, max-video-preview:-1\" \/>\n<link rel=\"canonical\" href=\"https:\/\/rodamonsteatre.com\/ca\/politica-de-privacitat\/\" \/>\n<meta property=\"og:locale\" content=\"ca_ES\" \/>\n<meta property=\"og:type\" content=\"article\" \/>\n<meta property=\"og:title\" content=\"Pol\u00edtica de Privacitat | Rodamons Teatre Protecci\u00f3 de Dades\" \/>\n<meta property=\"og:description\" content=\"Coneix la pol\u00edtica de privacitat de Rodamons Teatre: com gestionem les dades personals dels usuaris, assegurant seguretat, confidencialitat i compliment legal.\" \/>\n<meta property=\"og:url\" content=\"https:\/\/rodamonsteatre.com\/ca\/politica-de-privacitat\/\" \/>\n<meta property=\"og:site_name\" content=\"rodamons teatre\" \/>\n<meta property=\"article:modified_time\" content=\"2025-12-30T09:52:06+00:00\" \/>\n<meta name=\"twitter:card\" content=\"summary_large_image\" \/>\n<meta name=\"twitter:label1\" content=\"Temps estimat de lectura\" \/>\n\t<meta name=\"twitter:data1\" content=\"5 minuts\" \/>\n<script type=\"application\/ld+json\" class=\"yoast-schema-graph\">{\"@context\":\"https:\\\/\\\/schema.org\",\"@graph\":[{\"@type\":\"WebPage\",\"@id\":\"https:\\\/\\\/rodamonsteatre.com\\\/ca\\\/politica-de-privacitat\\\/\",\"url\":\"https:\\\/\\\/rodamonsteatre.com\\\/ca\\\/politica-de-privacitat\\\/\",\"name\":\"Pol\u00edtica de Privacitat | Rodamons Teatre Protecci\u00f3 de Dades\",\"isPartOf\":{\"@id\":\"https:\\\/\\\/rodamonsteatre.com\\\/ca\\\/#website\"},\"datePublished\":\"2025-12-10T08:45:09+00:00\",\"dateModified\":\"2025-12-30T09:52:06+00:00\",\"description\":\"Coneix la pol\u00edtica de privacitat de Rodamons Teatre: com gestionem les dades personals dels usuaris, assegurant seguretat, confidencialitat i compliment legal.\",\"breadcrumb\":{\"@id\":\"https:\\\/\\\/rodamonsteatre.com\\\/ca\\\/politica-de-privacitat\\\/#breadcrumb\"},\"inLanguage\":\"ca\",\"potentialAction\":[{\"@type\":\"ReadAction\",\"target\":[\"https:\\\/\\\/rodamonsteatre.com\\\/ca\\\/politica-de-privacitat\\\/\"]}]},{\"@type\":\"BreadcrumbList\",\"@id\":\"https:\\\/\\\/rodamonsteatre.com\\\/ca\\\/politica-de-privacitat\\\/#breadcrumb\",\"itemListElement\":[{\"@type\":\"ListItem\",\"position\":1,\"name\":\"Portada\",\"item\":\"https:\\\/\\\/rodamonsteatre.com\\\/ca\\\/\"},{\"@type\":\"ListItem\",\"position\":2,\"name\":\"Pol\u00edtica de privacitat\"}]},{\"@type\":\"WebSite\",\"@id\":\"https:\\\/\\\/rodamonsteatre.com\\\/ca\\\/#website\",\"url\":\"https:\\\/\\\/rodamonsteatre.com\\\/ca\\\/\",\"name\":\"rodamons teatre\",\"description\":\"\",\"potentialAction\":[{\"@type\":\"SearchAction\",\"target\":{\"@type\":\"EntryPoint\",\"urlTemplate\":\"https:\\\/\\\/rodamonsteatre.com\\\/ca\\\/?s={search_term_string}\"},\"query-input\":{\"@type\":\"PropertyValueSpecification\",\"valueRequired\":true,\"valueName\":\"search_term_string\"}}],\"inLanguage\":\"ca\"}]}<\/script>\n<!-- \/ Yoast SEO plugin. -->","yoast_head_json":{"title":"Pol\u00edtica de Privacitat | Rodamons Teatre Protecci\u00f3 de Dades","description":"Coneix la pol\u00edtica de privacitat de Rodamons Teatre: com gestionem les dades personals dels usuaris, assegurant seguretat, confidencialitat i compliment legal.","robots":{"index":"index","follow":"follow","max-snippet":"max-snippet:-1","max-image-preview":"max-image-preview:large","max-video-preview":"max-video-preview:-1"},"canonical":"https:\/\/rodamonsteatre.com\/ca\/politica-de-privacitat\/","og_locale":"ca_ES","og_type":"article","og_title":"Pol\u00edtica de Privacitat | Rodamons Teatre Protecci\u00f3 de Dades","og_description":"Coneix la pol\u00edtica de privacitat de Rodamons Teatre: com gestionem les dades personals dels usuaris, assegurant seguretat, confidencialitat i compliment legal.","og_url":"https:\/\/rodamonsteatre.com\/ca\/politica-de-privacitat\/","og_site_name":"rodamons teatre","article_modified_time":"2025-12-30T09:52:06+00:00","twitter_card":"summary_large_image","twitter_misc":{"Temps estimat de lectura":"5 minuts"},"schema":{"@context":"https:\/\/schema.org","@graph":[{"@type":"WebPage","@id":"https:\/\/rodamonsteatre.com\/ca\/politica-de-privacitat\/","url":"https:\/\/rodamonsteatre.com\/ca\/politica-de-privacitat\/","name":"Pol\u00edtica de Privacitat | Rodamons Teatre Protecci\u00f3 de Dades","isPartOf":{"@id":"https:\/\/rodamonsteatre.com\/ca\/#website"},"datePublished":"2025-12-10T08:45:09+00:00","dateModified":"2025-12-30T09:52:06+00:00","description":"Coneix la pol\u00edtica de privacitat de Rodamons Teatre: com gestionem les dades personals dels usuaris, assegurant seguretat, confidencialitat i compliment legal.","breadcrumb":{"@id":"https:\/\/rodamonsteatre.com\/ca\/politica-de-privacitat\/#breadcrumb"},"inLanguage":"ca","potentialAction":[{"@type":"ReadAction","target":["https:\/\/rodamonsteatre.com\/ca\/politica-de-privacitat\/"]}]},{"@type":"BreadcrumbList","@id":"https:\/\/rodamonsteatre.com\/ca\/politica-de-privacitat\/#breadcrumb","itemListElement":[{"@type":"ListItem","position":1,"name":"Portada","item":"https:\/\/rodamonsteatre.com\/ca\/"},{"@type":"ListItem","position":2,"name":"Pol\u00edtica de privacitat"}]},{"@type":"WebSite","@id":"https:\/\/rodamonsteatre.com\/ca\/#website","url":"https:\/\/rodamonsteatre.com\/ca\/","name":"rodamons teatre","description":"","potentialAction":[{"@type":"SearchAction","target":{"@type":"EntryPoint","urlTemplate":"https:\/\/rodamonsteatre.com\/ca\/?s={search_term_string}"},"query-input":{"@type":"PropertyValueSpecification","valueRequired":true,"valueName":"search_term_string"}}],"inLanguage":"ca"}]}},"_hostinger_reach_plugin_has_subscription_block":false,"_hostinger_reach_plugin_is_elementor":false,"_links":{"self":[{"href":"https:\/\/rodamonsteatre.com\/ca\/wp-json\/wp\/v2\/pages\/925","targetHints":{"allow":["GET"]}}],"collection":[{"href":"https:\/\/rodamonsteatre.com\/ca\/wp-json\/wp\/v2\/pages"}],"about":[{"href":"https:\/\/rodamonsteatre.com\/ca\/wp-json\/wp\/v2\/types\/page"}],"author":[{"embeddable":true,"href":"https:\/\/rodamonsteatre.com\/ca\/wp-json\/wp\/v2\/users\/1"}],"replies":[{"embeddable":true,"href":"https:\/\/rodamonsteatre.com\/ca\/wp-json\/wp\/v2\/comments?post=925"}],"version-history":[{"count":3,"href":"https:\/\/rodamonsteatre.com\/ca\/wp-json\/wp\/v2\/pages\/925\/revisions"}],"predecessor-version":[{"id":1836,"href":"https:\/\/rodamonsteatre.com\/ca\/wp-json\/wp\/v2\/pages\/925\/revisions\/1836"}],"wp:attachment":[{"href":"https:\/\/rodamonsteatre.com\/ca\/wp-json\/wp\/v2\/media?parent=925"}],"curies":[{"name":"wp","href":"https:\/\/api.w.org\/{rel}","templated":true}]}}