{"id":912,"date":"2025-11-20T08:43:22","date_gmt":"2025-11-20T08:43:22","guid":{"rendered":"https:\/\/rodamonsteatre.com\/?page_id=912"},"modified":"2025-12-30T09:47:13","modified_gmt":"2025-12-30T09:47:13","slug":"didactics","status":"publish","type":"page","link":"https:\/\/rodamonsteatre.com\/ca\/didactics\/","title":{"rendered":"Did\u00e0ctics"},"content":{"rendered":"<div class=\"fusion-fullwidth fullwidth-box fusion-builder-row-1 fusion-flex-container has-pattern-background has-mask-background nonhundred-percent-fullwidth non-hundred-percent-height-scrolling\" style=\"--awb-border-radius-top-left:0px;--awb-border-radius-top-right:0px;--awb-border-radius-bottom-right:0px;--awb-border-radius-bottom-left:0px;--awb-flex-wrap:wrap;\" ><div class=\"fusion-builder-row fusion-row fusion-flex-align-items-flex-start fusion-flex-content-wrap\" style=\"max-width:1404px;margin-left: calc(-4% \/ 2 );margin-right: calc(-4% \/ 2 );\"><div class=\"fusion-layout-column fusion_builder_column fusion-builder-column-0 fusion_builder_column_1_1 1_1 fusion-flex-column\" style=\"--awb-bg-size:cover;--awb-width-large:100%;--awb-margin-top-large:0px;--awb-spacing-right-large:1.92%;--awb-margin-bottom-large:20px;--awb-spacing-left-large:1.92%;--awb-width-medium:100%;--awb-order-medium:0;--awb-spacing-right-medium:1.92%;--awb-spacing-left-medium:1.92%;--awb-width-small:100%;--awb-order-small:0;--awb-spacing-right-small:1.92%;--awb-spacing-left-small:1.92%;\"><div class=\"fusion-column-wrapper fusion-column-has-shadow fusion-flex-justify-content-flex-start fusion-content-layout-column\"><div class=\"fusion-recent-posts fusion-recent-posts-1 avada-container layout-default layout-columns-4\"><section class=\"fusion-columns columns fusion-columns-4 columns-4\"><article class=\"post fusion-column column col col-lg-3 col-md-3 col-sm-3\"><div class=\"fusion-flexslider fusion-flexslider-loading flexslider flexslider-hover-type-none\"><ul class=\"slides\"><li><a href=\"https:\/\/rodamonsteatre.com\/ca\/animacio-lectora-instituts\/\" aria-label=\"ANIMACI\u00d3 LECTORA INSTITUTS\" class=\"hover-type-none\"><img decoding=\"async\" width=\"1343\" height=\"1032\" src=\"https:\/\/rodamonsteatre.com\/wp-content\/uploads\/2025\/12\/483524629_1144487804138869_1811587934423058781_n-1.jpg\" class=\"attachment-full size-full lazyload\" alt=\"483524629 1144487804138869 1811587934423058781 n 1\" srcset=\"data:image\/svg+xml,%3Csvg%20xmlns%3D%27http%3A%2F%2Fwww.w3.org%2F2000%2Fsvg%27%20width%3D%271343%27%20height%3D%271032%27%20viewBox%3D%270%200%201343%201032%27%3E%3Crect%20width%3D%271343%27%20height%3D%271032%27%20fill-opacity%3D%220%22%2F%3E%3C%2Fsvg%3E\" data-orig-src=\"https:\/\/rodamonsteatre.com\/wp-content\/uploads\/2025\/12\/483524629_1144487804138869_1811587934423058781_n-1.jpg\" data-srcset=\"https:\/\/rodamonsteatre.com\/wp-content\/uploads\/2025\/12\/483524629_1144487804138869_1811587934423058781_n-1-200x154.jpg 200w, https:\/\/rodamonsteatre.com\/wp-content\/uploads\/2025\/12\/483524629_1144487804138869_1811587934423058781_n-1-400x307.jpg 400w, https:\/\/rodamonsteatre.com\/wp-content\/uploads\/2025\/12\/483524629_1144487804138869_1811587934423058781_n-1-600x461.jpg 600w, https:\/\/rodamonsteatre.com\/wp-content\/uploads\/2025\/12\/483524629_1144487804138869_1811587934423058781_n-1-800x615.jpg 800w, https:\/\/rodamonsteatre.com\/wp-content\/uploads\/2025\/12\/483524629_1144487804138869_1811587934423058781_n-1-1200x922.jpg 1200w, https:\/\/rodamonsteatre.com\/wp-content\/uploads\/2025\/12\/483524629_1144487804138869_1811587934423058781_n-1.jpg 1343w\" data-sizes=\"auto\" \/><\/a><\/li><\/ul><\/div><div class=\"recent-posts-content\"><span class=\"vcard\" style=\"display: none;\"><span class=\"fn\"><a href=\"https:\/\/rodamonsteatre.com\/ca\/author\/soportezonadeweb-com\/\" title=\"Entrades de soporte@zonadeweb.com\" rel=\"author\">soporte@zonadeweb.com<\/a><\/span><\/span><span class=\"updated\" style=\"display:none;\">2025-12-30T09:39:57+00:00<\/span><h4 class=\"entry-title\"><a href=\"https:\/\/rodamonsteatre.com\/ca\/animacio-lectora-instituts\/\">ANIMACI\u00d3 LECTORA INSTITUTS<\/a><\/h4><p> La nostra Campanya d'Animaci\u00f3 lectora dirigida a estudiants de l'ESO i de Batxiller. Aquest [...]<\/p><\/div><\/article><article class=\"post fusion-column column col col-lg-3 col-md-3 col-sm-3\"><div class=\"fusion-flexslider fusion-flexslider-loading flexslider flexslider-hover-type-none\"><ul class=\"slides\"><li><a href=\"https:\/\/rodamonsteatre.com\/ca\/projecte-comenius-regio-espanya-finlandia-2011-2013\/\" aria-label=\"PROJECTE COMENIUS REGIO: Gilet\/J\u00e4rvenp\u00e4\u00e4 (Espanya\/Finl\u00e0ndia, 2011-2013)\" class=\"hover-type-none\"><img decoding=\"async\" width=\"1920\" height=\"1080\" src=\"https:\/\/rodamonsteatre.com\/wp-content\/uploads\/2025\/12\/finlandia-petres.jpg\" class=\"attachment-full size-full lazyload\" alt=\"\" srcset=\"data:image\/svg+xml,%3Csvg%20xmlns%3D%27http%3A%2F%2Fwww.w3.org%2F2000%2Fsvg%27%20width%3D%271920%27%20height%3D%271080%27%20viewBox%3D%270%200%201920%201080%27%3E%3Crect%20width%3D%271920%27%20height%3D%271080%27%20fill-opacity%3D%220%22%2F%3E%3C%2Fsvg%3E\" data-orig-src=\"https:\/\/rodamonsteatre.com\/wp-content\/uploads\/2025\/12\/finlandia-petres.jpg\" data-srcset=\"https:\/\/rodamonsteatre.com\/wp-content\/uploads\/2025\/12\/finlandia-petres-200x113.jpg 200w, https:\/\/rodamonsteatre.com\/wp-content\/uploads\/2025\/12\/finlandia-petres-400x225.jpg 400w, https:\/\/rodamonsteatre.com\/wp-content\/uploads\/2025\/12\/finlandia-petres-600x338.jpg 600w, https:\/\/rodamonsteatre.com\/wp-content\/uploads\/2025\/12\/finlandia-petres-800x450.jpg 800w, https:\/\/rodamonsteatre.com\/wp-content\/uploads\/2025\/12\/finlandia-petres-1200x675.jpg 1200w, https:\/\/rodamonsteatre.com\/wp-content\/uploads\/2025\/12\/finlandia-petres.jpg 1920w\" data-sizes=\"auto\" \/><\/a><\/li><\/ul><\/div><div class=\"recent-posts-content\"><span class=\"vcard\" style=\"display: none;\"><span class=\"fn\"><a href=\"https:\/\/rodamonsteatre.com\/ca\/author\/soportezonadeweb-com\/\" title=\"Entrades de soporte@zonadeweb.com\" rel=\"author\">soporte@zonadeweb.com<\/a><\/span><\/span><span class=\"updated\" style=\"display:none;\">2025-12-30T09:40:25+00:00<\/span><h4 class=\"entry-title\"><a href=\"https:\/\/rodamonsteatre.com\/ca\/projecte-comenius-regio-espanya-finlandia-2011-2013\/\">PROJECTE COMENIUS REGIO: Gilet\/J\u00e4rvenp\u00e4\u00e4 (Espanya\/Finl\u00e0ndia, 2011-2013)<\/a><\/h4><p> Aquest meravell\u00f3s projecte va durar dos anys i en el que col\u00b7laborarem en diferents [...]<\/p><\/div><\/article><article class=\"post fusion-column column col col-lg-3 col-md-3 col-sm-3\"><div class=\"fusion-flexslider fusion-flexslider-loading flexslider flexslider-hover-type-none\"><ul class=\"slides\"><li><a href=\"https:\/\/rodamonsteatre.com\/ca\/projecte-educarte-ceip-martinez-torres-aldaia-2010\/\" aria-label=\"PROJECTE EDUCARTE: CEIP Mart\u00ednez Torres (Aldaia, 2010)\" class=\"hover-type-none\"><img decoding=\"async\" width=\"2048\" height=\"1365\" src=\"https:\/\/rodamonsteatre.com\/wp-content\/uploads\/2025\/12\/5.jpg\" class=\"attachment-full size-full lazyload\" alt=\"\" srcset=\"data:image\/svg+xml,%3Csvg%20xmlns%3D%27http%3A%2F%2Fwww.w3.org%2F2000%2Fsvg%27%20width%3D%272048%27%20height%3D%271365%27%20viewBox%3D%270%200%202048%201365%27%3E%3Crect%20width%3D%272048%27%20height%3D%271365%27%20fill-opacity%3D%220%22%2F%3E%3C%2Fsvg%3E\" data-orig-src=\"https:\/\/rodamonsteatre.com\/wp-content\/uploads\/2025\/12\/5.jpg\" data-srcset=\"https:\/\/rodamonsteatre.com\/wp-content\/uploads\/2025\/12\/5-200x133.jpg 200w, https:\/\/rodamonsteatre.com\/wp-content\/uploads\/2025\/12\/5-400x267.jpg 400w, https:\/\/rodamonsteatre.com\/wp-content\/uploads\/2025\/12\/5-600x400.jpg 600w, https:\/\/rodamonsteatre.com\/wp-content\/uploads\/2025\/12\/5-800x533.jpg 800w, https:\/\/rodamonsteatre.com\/wp-content\/uploads\/2025\/12\/5-1200x800.jpg 1200w, https:\/\/rodamonsteatre.com\/wp-content\/uploads\/2025\/12\/5.jpg 2048w\" data-sizes=\"auto\" \/><\/a><\/li><\/ul><\/div><div class=\"recent-posts-content\"><span class=\"vcard\" style=\"display: none;\"><span class=\"fn\"><a href=\"https:\/\/rodamonsteatre.com\/ca\/author\/soportezonadeweb-com\/\" title=\"Entrades de soporte@zonadeweb.com\" rel=\"author\">soporte@zonadeweb.com<\/a><\/span><\/span><span class=\"updated\" style=\"display:none;\">2025-12-30T09:40:53+00:00<\/span><h4 class=\"entry-title\"><a href=\"https:\/\/rodamonsteatre.com\/ca\/projecte-educarte-ceip-martinez-torres-aldaia-2010\/\">PROJECTE EDUCARTE: CEIP Mart\u00ednez Torres (Aldaia, 2010)<\/a><\/h4><p> El projecte est\u00e0 basat en la idea d'un VITRALL\u00a0. \"La hist\u00f2ria i l'art estan [...]<\/p><\/div><\/article><article class=\"post fusion-column column col col-lg-3 col-md-3 col-sm-3\"><div class=\"fusion-flexslider fusion-flexslider-loading flexslider flexslider-hover-type-none\"><ul class=\"slides\"><li><a href=\"https:\/\/rodamonsteatre.com\/ca\/projecte-comenius-jean-vigo-eduardo-merello-2007-2009\/\" aria-label=\"PROJECTE COMENIUS: Jean Vigo &#8211; Eduardo Merello (Sagunt-Millau, 2007-2009)\" class=\"hover-type-none\"><img decoding=\"async\" width=\"2560\" height=\"1700\" src=\"https:\/\/rodamonsteatre.com\/wp-content\/uploads\/2025\/12\/millau-2009-scaled.jpg\" class=\"attachment-full size-full lazyload\" alt=\"millau 2009 scaled\" srcset=\"data:image\/svg+xml,%3Csvg%20xmlns%3D%27http%3A%2F%2Fwww.w3.org%2F2000%2Fsvg%27%20width%3D%272560%27%20height%3D%271700%27%20viewBox%3D%270%200%202560%201700%27%3E%3Crect%20width%3D%272560%27%20height%3D%271700%27%20fill-opacity%3D%220%22%2F%3E%3C%2Fsvg%3E\" data-orig-src=\"https:\/\/rodamonsteatre.com\/wp-content\/uploads\/2025\/12\/millau-2009-scaled.jpg\" data-srcset=\"https:\/\/rodamonsteatre.com\/wp-content\/uploads\/2025\/12\/millau-2009-200x133.jpg 200w, https:\/\/rodamonsteatre.com\/wp-content\/uploads\/2025\/12\/millau-2009-400x266.jpg 400w, https:\/\/rodamonsteatre.com\/wp-content\/uploads\/2025\/12\/millau-2009-600x399.jpg 600w, https:\/\/rodamonsteatre.com\/wp-content\/uploads\/2025\/12\/millau-2009-800x531.jpg 800w, https:\/\/rodamonsteatre.com\/wp-content\/uploads\/2025\/12\/millau-2009-1200x797.jpg 1200w, https:\/\/rodamonsteatre.com\/wp-content\/uploads\/2025\/12\/millau-2009-scaled.jpg 2560w\" data-sizes=\"auto\" \/><\/a><\/li><\/ul><\/div><div class=\"recent-posts-content\"><span class=\"vcard\" style=\"display: none;\"><span class=\"fn\"><a href=\"https:\/\/rodamonsteatre.com\/ca\/author\/soportezonadeweb-com\/\" title=\"Entrades de soporte@zonadeweb.com\" rel=\"author\">soporte@zonadeweb.com<\/a><\/span><\/span><span class=\"updated\" style=\"display:none;\">2025-12-30T09:41:15+00:00<\/span><h4 class=\"entry-title\"><a href=\"https:\/\/rodamonsteatre.com\/ca\/projecte-comenius-jean-vigo-eduardo-merello-2007-2009\/\">PROJECTE COMENIUS: Jean Vigo &#8211; Eduardo Merello (Sagunt-Millau, 2007-2009)<\/a><\/h4><p><\/p><p>    Amb el t\u00edtol de Trov@dares del Segle XXI els alumnes de [...]<\/p><\/div><\/article><article class=\"post fusion-column column col col-lg-3 col-md-3 col-sm-3\"><div class=\"fusion-flexslider fusion-flexslider-loading flexslider flexslider-hover-type-none\"><ul class=\"slides\"><li><a href=\"https:\/\/rodamonsteatre.com\/ca\/projecte-educarte-un-mon-darts-ceip-baladre-2010\/\" aria-label=\"PROJECTE EDUCARTE &#8211; &#8220;Un M\u00f3n d&#8217;Arts&#8221; CEIP Baladre (Sagunt, 2010)\" class=\"hover-type-none\"><img decoding=\"async\" width=\"2560\" height=\"2063\" src=\"https:\/\/rodamonsteatre.com\/wp-content\/uploads\/2025\/12\/FIRA-LLIBRE-2009-2-scaled.jpg\" class=\"attachment-full size-full lazyload\" alt=\"FIRA LLIBRE 2009 2 scaled\" srcset=\"data:image\/svg+xml,%3Csvg%20xmlns%3D%27http%3A%2F%2Fwww.w3.org%2F2000%2Fsvg%27%20width%3D%272560%27%20height%3D%272063%27%20viewBox%3D%270%200%202560%202063%27%3E%3Crect%20width%3D%272560%27%20height%3D%272063%27%20fill-opacity%3D%220%22%2F%3E%3C%2Fsvg%3E\" data-orig-src=\"https:\/\/rodamonsteatre.com\/wp-content\/uploads\/2025\/12\/FIRA-LLIBRE-2009-2-scaled.jpg\" data-srcset=\"https:\/\/rodamonsteatre.com\/wp-content\/uploads\/2025\/12\/FIRA-LLIBRE-2009-2-200x161.jpg 200w, https:\/\/rodamonsteatre.com\/wp-content\/uploads\/2025\/12\/FIRA-LLIBRE-2009-2-400x322.jpg 400w, https:\/\/rodamonsteatre.com\/wp-content\/uploads\/2025\/12\/FIRA-LLIBRE-2009-2-600x484.jpg 600w, https:\/\/rodamonsteatre.com\/wp-content\/uploads\/2025\/12\/FIRA-LLIBRE-2009-2-800x645.jpg 800w, https:\/\/rodamonsteatre.com\/wp-content\/uploads\/2025\/12\/FIRA-LLIBRE-2009-2-1200x967.jpg 1200w, https:\/\/rodamonsteatre.com\/wp-content\/uploads\/2025\/12\/FIRA-LLIBRE-2009-2-scaled.jpg 2560w\" data-sizes=\"auto\" \/><\/a><\/li><\/ul><\/div><div class=\"recent-posts-content\"><span class=\"vcard\" style=\"display: none;\"><span class=\"fn\"><a href=\"https:\/\/rodamonsteatre.com\/ca\/author\/soportezonadeweb-com\/\" title=\"Entrades de soporte@zonadeweb.com\" rel=\"author\">soporte@zonadeweb.com<\/a><\/span><\/span><span class=\"updated\" style=\"display:none;\">2025-12-30T09:41:32+00:00<\/span><h4 class=\"entry-title\"><a href=\"https:\/\/rodamonsteatre.com\/ca\/projecte-educarte-un-mon-darts-ceip-baladre-2010\/\">PROJECTE EDUCARTE &#8211; &#8220;Un M\u00f3n d&#8217;Arts&#8221; CEIP Baladre (Sagunt, 2010)<\/a><\/h4><p><\/p><p> El grup RODAMONS TEATRE\/TRENCACLOSQUES ha estat invitat a participar en el projecte \u201cUn m\u00f3n [...]<\/p><\/div><\/article><\/section><\/div><\/div><\/div><\/div><\/div>\n","protected":false},"excerpt":{"rendered":"","protected":false},"author":1,"featured_media":0,"parent":0,"menu_order":0,"comment_status":"closed","ping_status":"closed","template":"100-width.php","meta":{"footnotes":""},"class_list":["post-912","page","type-page","status-publish","hentry"],"acf":[],"yoast_head":"<!-- This site is optimized with the Yoast SEO plugin v27.4 - https:\/\/yoast.com\/product\/yoast-seo-wordpress\/ -->\n<title>Activitats Did\u00e0ctiques | Rodamons Teatre Educaci\u00f3 i Cultura<\/title>\n<meta name=\"description\" content=\"Projectes Did\u00e0ctics de Rodamons Teatre: propostes educatives per a escoles i instituts amb activitats de teatre i m\u00fasica.\" \/>\n<meta name=\"robots\" content=\"index, follow, max-snippet:-1, max-image-preview:large, max-video-preview:-1\" \/>\n<link rel=\"canonical\" href=\"https:\/\/rodamonsteatre.com\/ca\/didactics\/\" \/>\n<meta property=\"og:locale\" content=\"ca_ES\" \/>\n<meta property=\"og:type\" content=\"article\" \/>\n<meta property=\"og:title\" content=\"Activitats Did\u00e0ctiques | Rodamons Teatre Educaci\u00f3 i Cultura\" \/>\n<meta property=\"og:description\" content=\"Projectes Did\u00e0ctics de Rodamons Teatre: propostes educatives per a escoles i instituts amb activitats de teatre i m\u00fasica.\" \/>\n<meta property=\"og:url\" content=\"https:\/\/rodamonsteatre.com\/ca\/didactics\/\" \/>\n<meta property=\"og:site_name\" content=\"rodamons teatre\" \/>\n<meta property=\"article:modified_time\" content=\"2025-12-30T09:47:13+00:00\" \/>\n<meta name=\"twitter:card\" content=\"summary_large_image\" \/>\n<meta name=\"twitter:label1\" content=\"Temps estimat de lectura\" \/>\n\t<meta name=\"twitter:data1\" content=\"2 minuts\" \/>\n<script type=\"application\/ld+json\" class=\"yoast-schema-graph\">{\"@context\":\"https:\\\/\\\/schema.org\",\"@graph\":[{\"@type\":\"WebPage\",\"@id\":\"https:\\\/\\\/rodamonsteatre.com\\\/ca\\\/didactics\\\/\",\"url\":\"https:\\\/\\\/rodamonsteatre.com\\\/ca\\\/didactics\\\/\",\"name\":\"Activitats Did\u00e0ctiques | Rodamons Teatre Educaci\u00f3 i Cultura\",\"isPartOf\":{\"@id\":\"https:\\\/\\\/rodamonsteatre.com\\\/ca\\\/#website\"},\"datePublished\":\"2025-11-20T08:43:22+00:00\",\"dateModified\":\"2025-12-30T09:47:13+00:00\",\"description\":\"Projectes Did\u00e0ctics de Rodamons Teatre: propostes educatives per a escoles i instituts amb activitats de teatre i m\u00fasica.\",\"breadcrumb\":{\"@id\":\"https:\\\/\\\/rodamonsteatre.com\\\/ca\\\/didactics\\\/#breadcrumb\"},\"inLanguage\":\"ca\",\"potentialAction\":[{\"@type\":\"ReadAction\",\"target\":[\"https:\\\/\\\/rodamonsteatre.com\\\/ca\\\/didactics\\\/\"]}]},{\"@type\":\"BreadcrumbList\",\"@id\":\"https:\\\/\\\/rodamonsteatre.com\\\/ca\\\/didactics\\\/#breadcrumb\",\"itemListElement\":[{\"@type\":\"ListItem\",\"position\":1,\"name\":\"Portada\",\"item\":\"https:\\\/\\\/rodamonsteatre.com\\\/ca\\\/\"},{\"@type\":\"ListItem\",\"position\":2,\"name\":\"Did\u00e0ctics\"}]},{\"@type\":\"WebSite\",\"@id\":\"https:\\\/\\\/rodamonsteatre.com\\\/ca\\\/#website\",\"url\":\"https:\\\/\\\/rodamonsteatre.com\\\/ca\\\/\",\"name\":\"rodamons teatre\",\"description\":\"\",\"potentialAction\":[{\"@type\":\"SearchAction\",\"target\":{\"@type\":\"EntryPoint\",\"urlTemplate\":\"https:\\\/\\\/rodamonsteatre.com\\\/ca\\\/?s={search_term_string}\"},\"query-input\":{\"@type\":\"PropertyValueSpecification\",\"valueRequired\":true,\"valueName\":\"search_term_string\"}}],\"inLanguage\":\"ca\"}]}<\/script>\n<!-- \/ Yoast SEO plugin. -->","yoast_head_json":{"title":"Activitats Did\u00e0ctiques | Rodamons Teatre Educaci\u00f3 i Cultura","description":"Projectes Did\u00e0ctics de Rodamons Teatre: propostes educatives per a escoles i instituts amb activitats de teatre i m\u00fasica.","robots":{"index":"index","follow":"follow","max-snippet":"max-snippet:-1","max-image-preview":"max-image-preview:large","max-video-preview":"max-video-preview:-1"},"canonical":"https:\/\/rodamonsteatre.com\/ca\/didactics\/","og_locale":"ca_ES","og_type":"article","og_title":"Activitats Did\u00e0ctiques | Rodamons Teatre Educaci\u00f3 i Cultura","og_description":"Projectes Did\u00e0ctics de Rodamons Teatre: propostes educatives per a escoles i instituts amb activitats de teatre i m\u00fasica.","og_url":"https:\/\/rodamonsteatre.com\/ca\/didactics\/","og_site_name":"rodamons teatre","article_modified_time":"2025-12-30T09:47:13+00:00","twitter_card":"summary_large_image","twitter_misc":{"Temps estimat de lectura":"2 minuts"},"schema":{"@context":"https:\/\/schema.org","@graph":[{"@type":"WebPage","@id":"https:\/\/rodamonsteatre.com\/ca\/didactics\/","url":"https:\/\/rodamonsteatre.com\/ca\/didactics\/","name":"Activitats Did\u00e0ctiques | Rodamons Teatre Educaci\u00f3 i Cultura","isPartOf":{"@id":"https:\/\/rodamonsteatre.com\/ca\/#website"},"datePublished":"2025-11-20T08:43:22+00:00","dateModified":"2025-12-30T09:47:13+00:00","description":"Projectes Did\u00e0ctics de Rodamons Teatre: propostes educatives per a escoles i instituts amb activitats de teatre i m\u00fasica.","breadcrumb":{"@id":"https:\/\/rodamonsteatre.com\/ca\/didactics\/#breadcrumb"},"inLanguage":"ca","potentialAction":[{"@type":"ReadAction","target":["https:\/\/rodamonsteatre.com\/ca\/didactics\/"]}]},{"@type":"BreadcrumbList","@id":"https:\/\/rodamonsteatre.com\/ca\/didactics\/#breadcrumb","itemListElement":[{"@type":"ListItem","position":1,"name":"Portada","item":"https:\/\/rodamonsteatre.com\/ca\/"},{"@type":"ListItem","position":2,"name":"Did\u00e0ctics"}]},{"@type":"WebSite","@id":"https:\/\/rodamonsteatre.com\/ca\/#website","url":"https:\/\/rodamonsteatre.com\/ca\/","name":"rodamons teatre","description":"","potentialAction":[{"@type":"SearchAction","target":{"@type":"EntryPoint","urlTemplate":"https:\/\/rodamonsteatre.com\/ca\/?s={search_term_string}"},"query-input":{"@type":"PropertyValueSpecification","valueRequired":true,"valueName":"search_term_string"}}],"inLanguage":"ca"}]}},"_hostinger_reach_plugin_has_subscription_block":false,"_hostinger_reach_plugin_is_elementor":false,"_links":{"self":[{"href":"https:\/\/rodamonsteatre.com\/ca\/wp-json\/wp\/v2\/pages\/912","targetHints":{"allow":["GET"]}}],"collection":[{"href":"https:\/\/rodamonsteatre.com\/ca\/wp-json\/wp\/v2\/pages"}],"about":[{"href":"https:\/\/rodamonsteatre.com\/ca\/wp-json\/wp\/v2\/types\/page"}],"author":[{"embeddable":true,"href":"https:\/\/rodamonsteatre.com\/ca\/wp-json\/wp\/v2\/users\/1"}],"replies":[{"embeddable":true,"href":"https:\/\/rodamonsteatre.com\/ca\/wp-json\/wp\/v2\/comments?post=912"}],"version-history":[{"count":6,"href":"https:\/\/rodamonsteatre.com\/ca\/wp-json\/wp\/v2\/pages\/912\/revisions"}],"predecessor-version":[{"id":1720,"href":"https:\/\/rodamonsteatre.com\/ca\/wp-json\/wp\/v2\/pages\/912\/revisions\/1720"}],"wp:attachment":[{"href":"https:\/\/rodamonsteatre.com\/ca\/wp-json\/wp\/v2\/media?parent=912"}],"curies":[{"name":"wp","href":"https:\/\/api.w.org\/{rel}","templated":true}]}}