{"id":908,"date":"2025-12-08T08:43:04","date_gmt":"2025-12-08T08:43:04","guid":{"rendered":"https:\/\/rodamonsteatre.com\/?page_id=908"},"modified":"2025-12-30T09:51:10","modified_gmt":"2025-12-30T09:51:10","slug":"noticies","status":"publish","type":"page","link":"https:\/\/rodamonsteatre.com\/ca\/noticies\/","title":{"rendered":"Not\u00edcies"},"content":{"rendered":"<div class=\"fusion-fullwidth fullwidth-box fusion-builder-row-1 fusion-flex-container has-pattern-background has-mask-background nonhundred-percent-fullwidth non-hundred-percent-height-scrolling\" style=\"--awb-border-radius-top-left:0px;--awb-border-radius-top-right:0px;--awb-border-radius-bottom-right:0px;--awb-border-radius-bottom-left:0px;--awb-flex-wrap:wrap;\" ><div class=\"fusion-builder-row fusion-row fusion-flex-align-items-flex-start fusion-flex-content-wrap\" style=\"max-width:1404px;margin-left: calc(-4% \/ 2 );margin-right: calc(-4% \/ 2 );\"><div class=\"fusion-layout-column fusion_builder_column fusion-builder-column-0 fusion_builder_column_1_1 1_1 fusion-flex-column\" style=\"--awb-bg-size:cover;--awb-width-large:100%;--awb-margin-top-large:0px;--awb-spacing-right-large:1.92%;--awb-margin-bottom-large:20px;--awb-spacing-left-large:1.92%;--awb-width-medium:100%;--awb-order-medium:0;--awb-spacing-right-medium:1.92%;--awb-spacing-left-medium:1.92%;--awb-width-small:100%;--awb-order-small:0;--awb-spacing-right-small:1.92%;--awb-spacing-left-small:1.92%;\"><div class=\"fusion-column-wrapper fusion-column-has-shadow fusion-flex-justify-content-flex-start fusion-content-layout-column\"><div class=\"fusion-recent-posts fusion-recent-posts-1 avada-container layout-default layout-columns-3\"><section class=\"fusion-columns columns fusion-columns-3 columns-3\"><article class=\"post fusion-column column col col-lg-4 col-md-4 col-sm-4\"><div class=\"fusion-flexslider fusion-flexslider-loading flexslider flexslider-hover-type-none\"><ul class=\"slides\"><li><a href=\"https:\/\/rodamonsteatre.com\/ca\/ja-disponible-en-digital-la-queboqueseria\/\" aria-label=\"Ja disponible en digital La Queboqueseria\" class=\"hover-type-none\"><img decoding=\"async\" width=\"1589\" height=\"1491\" src=\"https:\/\/rodamonsteatre.com\/wp-content\/uploads\/2023\/07\/LAQUEBO.jpg\" class=\"attachment-full size-full lazyload\" alt=\"\" srcset=\"data:image\/svg+xml,%3Csvg%20xmlns%3D%27http%3A%2F%2Fwww.w3.org%2F2000%2Fsvg%27%20width%3D%271589%27%20height%3D%271491%27%20viewBox%3D%270%200%201589%201491%27%3E%3Crect%20width%3D%271589%27%20height%3D%271491%27%20fill-opacity%3D%220%22%2F%3E%3C%2Fsvg%3E\" data-orig-src=\"https:\/\/rodamonsteatre.com\/wp-content\/uploads\/2023\/07\/LAQUEBO.jpg\" data-srcset=\"https:\/\/rodamonsteatre.com\/wp-content\/uploads\/2023\/07\/LAQUEBO-200x188.jpg 200w, https:\/\/rodamonsteatre.com\/wp-content\/uploads\/2023\/07\/LAQUEBO-400x375.jpg 400w, https:\/\/rodamonsteatre.com\/wp-content\/uploads\/2023\/07\/LAQUEBO-600x563.jpg 600w, https:\/\/rodamonsteatre.com\/wp-content\/uploads\/2023\/07\/LAQUEBO-800x751.jpg 800w, https:\/\/rodamonsteatre.com\/wp-content\/uploads\/2023\/07\/LAQUEBO-1200x1126.jpg 1200w, https:\/\/rodamonsteatre.com\/wp-content\/uploads\/2023\/07\/LAQUEBO.jpg 1589w\" data-sizes=\"auto\" \/><\/a><\/li><\/ul><\/div><div class=\"recent-posts-content\"><span class=\"vcard\" style=\"display: none;\"><span class=\"fn\"><a href=\"https:\/\/rodamonsteatre.com\/ca\/author\/soportezonadeweb-com\/\" title=\"Entrades de soporte@zonadeweb.com\" rel=\"author\">soporte@zonadeweb.com<\/a><\/span><\/span><span class=\"updated\" style=\"display:none;\">2026-01-12T09:24:08+00:00<\/span><h4 class=\"entry-title\"><a href=\"https:\/\/rodamonsteatre.com\/ca\/ja-disponible-en-digital-la-queboqueseria\/\">Ja disponible en digital La Queboqueseria<\/a><\/h4><p class=\"meta\"><span class=\"vcard\" style=\"display: none;\"><span class=\"fn\"><a href=\"https:\/\/rodamonsteatre.com\/ca\/author\/soportezonadeweb-com\/\" title=\"Entrades de soporte@zonadeweb.com\" rel=\"author\">soporte@zonadeweb.com<\/a><\/span><\/span><span class=\"updated\" style=\"display:none;\">2026-01-12T09:24:08+00:00<\/span><span>12\/01\/2026<\/span><span class=\"fusion-inline-sep\">|<\/span><span class=\"fusion-comments\"><a href=\"https:\/\/rodamonsteatre.com\/ca\/ja-disponible-en-digital-la-queboqueseria\/#respond\">0 Comments<\/a><\/span><\/p><p>      Ja disponible en digital el disc La Queboqueseria \ud83c\udfb6 La Queboqueseria, el disc de Rodamons Teatre publicat l\u2019any 2015, ja est\u00e0 disponible per primera vegada en format digital a [...]<\/p><\/div><\/article><article class=\"post fusion-column column col col-lg-4 col-md-4 col-sm-4\"><div class=\"fusion-flexslider fusion-flexslider-loading flexslider flexslider-hover-type-none\"><ul class=\"slides\"><li><a href=\"https:\/\/rodamonsteatre.com\/ca\/premsa\/\" aria-label=\"Premsa\" class=\"hover-type-none\"><img decoding=\"async\" width=\"2560\" height=\"1707\" src=\"https:\/\/rodamonsteatre.com\/wp-content\/uploads\/2025\/12\/foto-premsa-scaled.jpg\" class=\"attachment-full size-full lazyload\" alt=\"\" srcset=\"data:image\/svg+xml,%3Csvg%20xmlns%3D%27http%3A%2F%2Fwww.w3.org%2F2000%2Fsvg%27%20width%3D%272560%27%20height%3D%271707%27%20viewBox%3D%270%200%202560%201707%27%3E%3Crect%20width%3D%272560%27%20height%3D%271707%27%20fill-opacity%3D%220%22%2F%3E%3C%2Fsvg%3E\" data-orig-src=\"https:\/\/rodamonsteatre.com\/wp-content\/uploads\/2025\/12\/foto-premsa-scaled.jpg\" data-srcset=\"https:\/\/rodamonsteatre.com\/wp-content\/uploads\/2025\/12\/foto-premsa-200x133.jpg 200w, https:\/\/rodamonsteatre.com\/wp-content\/uploads\/2025\/12\/foto-premsa-400x267.jpg 400w, https:\/\/rodamonsteatre.com\/wp-content\/uploads\/2025\/12\/foto-premsa-600x400.jpg 600w, https:\/\/rodamonsteatre.com\/wp-content\/uploads\/2025\/12\/foto-premsa-800x533.jpg 800w, https:\/\/rodamonsteatre.com\/wp-content\/uploads\/2025\/12\/foto-premsa-1200x800.jpg 1200w, https:\/\/rodamonsteatre.com\/wp-content\/uploads\/2025\/12\/foto-premsa-scaled.jpg 2560w\" data-sizes=\"auto\" \/><\/a><\/li><\/ul><\/div><div class=\"recent-posts-content\"><span class=\"vcard\" style=\"display: none;\"><span class=\"fn\"><a href=\"https:\/\/rodamonsteatre.com\/ca\/author\/soportezonadeweb-com\/\" title=\"Entrades de soporte@zonadeweb.com\" rel=\"author\">soporte@zonadeweb.com<\/a><\/span><\/span><span class=\"updated\" style=\"display:none;\">2025-12-30T09:39:39+00:00<\/span><h4 class=\"entry-title\"><a href=\"https:\/\/rodamonsteatre.com\/ca\/premsa\/\">Premsa<\/a><\/h4><p class=\"meta\"><span class=\"vcard\" style=\"display: none;\"><span class=\"fn\"><a href=\"https:\/\/rodamonsteatre.com\/ca\/author\/soportezonadeweb-com\/\" title=\"Entrades de soporte@zonadeweb.com\" rel=\"author\">soporte@zonadeweb.com<\/a><\/span><\/span><span class=\"updated\" style=\"display:none;\">2025-12-30T09:39:39+00:00<\/span><span>16\/12\/2025<\/span><span class=\"fusion-inline-sep\">|<\/span><span class=\"fusion-comments\"><a href=\"https:\/\/rodamonsteatre.com\/ca\/premsa\/#respond\">0 Comments<\/a><\/span><\/p><p> Ac\u00ed podeu trobar algunes ressenyes, cr\u00edtiques o entrevistes que s'han fet sobre els nostres discos, projectes i altres. Disc\u00a0PETITESES PODCAST. Edici\u00f3n n\u00ba 2028 - LOS SONIDOS DEL PLANETA AZUL, presentado por Paco Valiente.\u00a0(juliol 2013) [...]<\/p><\/div><\/article><\/section><\/div><\/div><\/div><\/div><\/div>\n","protected":false},"excerpt":{"rendered":"","protected":false},"author":1,"featured_media":0,"parent":0,"menu_order":0,"comment_status":"closed","ping_status":"closed","template":"100-width.php","meta":{"footnotes":""},"class_list":["post-908","page","type-page","status-publish","hentry"],"acf":[],"yoast_head":"<!-- This site is optimized with the Yoast SEO plugin v27.4 - https:\/\/yoast.com\/product\/yoast-seo-wordpress\/ -->\n<title>Not\u00edcies Rodamons Teatre | Actualitat, Espectacles i Activitats<\/title>\n<meta name=\"description\" content=\"Consulta les not\u00edcies de Rodamons Teatre: novetats, articles de premsa, podcasts i projectes per seguir la nostra traject\u00f2ria.\" \/>\n<meta name=\"robots\" content=\"index, follow, max-snippet:-1, max-image-preview:large, max-video-preview:-1\" \/>\n<link rel=\"canonical\" href=\"https:\/\/rodamonsteatre.com\/ca\/noticies\/\" \/>\n<meta property=\"og:locale\" content=\"ca_ES\" \/>\n<meta property=\"og:type\" content=\"article\" \/>\n<meta property=\"og:title\" content=\"Not\u00edcies Rodamons Teatre | Actualitat, Espectacles i Activitats\" \/>\n<meta property=\"og:description\" content=\"Consulta les not\u00edcies de Rodamons Teatre: novetats, articles de premsa, podcasts i projectes per seguir la nostra traject\u00f2ria.\" \/>\n<meta property=\"og:url\" content=\"https:\/\/rodamonsteatre.com\/ca\/noticies\/\" \/>\n<meta property=\"og:site_name\" content=\"rodamons teatre\" \/>\n<meta property=\"article:modified_time\" content=\"2025-12-30T09:51:10+00:00\" \/>\n<meta name=\"twitter:card\" content=\"summary_large_image\" \/>\n<meta name=\"twitter:label1\" content=\"Temps estimat de lectura\" \/>\n\t<meta name=\"twitter:data1\" content=\"1 minut\" \/>\n<script type=\"application\/ld+json\" class=\"yoast-schema-graph\">{\"@context\":\"https:\\\/\\\/schema.org\",\"@graph\":[{\"@type\":\"WebPage\",\"@id\":\"https:\\\/\\\/rodamonsteatre.com\\\/ca\\\/noticies\\\/\",\"url\":\"https:\\\/\\\/rodamonsteatre.com\\\/ca\\\/noticies\\\/\",\"name\":\"Not\u00edcies Rodamons Teatre | Actualitat, Espectacles i Activitats\",\"isPartOf\":{\"@id\":\"https:\\\/\\\/rodamonsteatre.com\\\/ca\\\/#website\"},\"datePublished\":\"2025-12-08T08:43:04+00:00\",\"dateModified\":\"2025-12-30T09:51:10+00:00\",\"description\":\"Consulta les not\u00edcies de Rodamons Teatre: novetats, articles de premsa, podcasts i projectes per seguir la nostra traject\u00f2ria.\",\"breadcrumb\":{\"@id\":\"https:\\\/\\\/rodamonsteatre.com\\\/ca\\\/noticies\\\/#breadcrumb\"},\"inLanguage\":\"ca\",\"potentialAction\":[{\"@type\":\"ReadAction\",\"target\":[\"https:\\\/\\\/rodamonsteatre.com\\\/ca\\\/noticies\\\/\"]}]},{\"@type\":\"BreadcrumbList\",\"@id\":\"https:\\\/\\\/rodamonsteatre.com\\\/ca\\\/noticies\\\/#breadcrumb\",\"itemListElement\":[{\"@type\":\"ListItem\",\"position\":1,\"name\":\"Portada\",\"item\":\"https:\\\/\\\/rodamonsteatre.com\\\/ca\\\/\"},{\"@type\":\"ListItem\",\"position\":2,\"name\":\"Not\u00edcies\"}]},{\"@type\":\"WebSite\",\"@id\":\"https:\\\/\\\/rodamonsteatre.com\\\/ca\\\/#website\",\"url\":\"https:\\\/\\\/rodamonsteatre.com\\\/ca\\\/\",\"name\":\"rodamons teatre\",\"description\":\"\",\"potentialAction\":[{\"@type\":\"SearchAction\",\"target\":{\"@type\":\"EntryPoint\",\"urlTemplate\":\"https:\\\/\\\/rodamonsteatre.com\\\/ca\\\/?s={search_term_string}\"},\"query-input\":{\"@type\":\"PropertyValueSpecification\",\"valueRequired\":true,\"valueName\":\"search_term_string\"}}],\"inLanguage\":\"ca\"}]}<\/script>\n<!-- \/ Yoast SEO plugin. -->","yoast_head_json":{"title":"Not\u00edcies Rodamons Teatre | Actualitat, Espectacles i Activitats","description":"Consulta les not\u00edcies de Rodamons Teatre: novetats, articles de premsa, podcasts i projectes per seguir la nostra traject\u00f2ria.","robots":{"index":"index","follow":"follow","max-snippet":"max-snippet:-1","max-image-preview":"max-image-preview:large","max-video-preview":"max-video-preview:-1"},"canonical":"https:\/\/rodamonsteatre.com\/ca\/noticies\/","og_locale":"ca_ES","og_type":"article","og_title":"Not\u00edcies Rodamons Teatre | Actualitat, Espectacles i Activitats","og_description":"Consulta les not\u00edcies de Rodamons Teatre: novetats, articles de premsa, podcasts i projectes per seguir la nostra traject\u00f2ria.","og_url":"https:\/\/rodamonsteatre.com\/ca\/noticies\/","og_site_name":"rodamons teatre","article_modified_time":"2025-12-30T09:51:10+00:00","twitter_card":"summary_large_image","twitter_misc":{"Temps estimat de lectura":"1 minut"},"schema":{"@context":"https:\/\/schema.org","@graph":[{"@type":"WebPage","@id":"https:\/\/rodamonsteatre.com\/ca\/noticies\/","url":"https:\/\/rodamonsteatre.com\/ca\/noticies\/","name":"Not\u00edcies Rodamons Teatre | Actualitat, Espectacles i Activitats","isPartOf":{"@id":"https:\/\/rodamonsteatre.com\/ca\/#website"},"datePublished":"2025-12-08T08:43:04+00:00","dateModified":"2025-12-30T09:51:10+00:00","description":"Consulta les not\u00edcies de Rodamons Teatre: novetats, articles de premsa, podcasts i projectes per seguir la nostra traject\u00f2ria.","breadcrumb":{"@id":"https:\/\/rodamonsteatre.com\/ca\/noticies\/#breadcrumb"},"inLanguage":"ca","potentialAction":[{"@type":"ReadAction","target":["https:\/\/rodamonsteatre.com\/ca\/noticies\/"]}]},{"@type":"BreadcrumbList","@id":"https:\/\/rodamonsteatre.com\/ca\/noticies\/#breadcrumb","itemListElement":[{"@type":"ListItem","position":1,"name":"Portada","item":"https:\/\/rodamonsteatre.com\/ca\/"},{"@type":"ListItem","position":2,"name":"Not\u00edcies"}]},{"@type":"WebSite","@id":"https:\/\/rodamonsteatre.com\/ca\/#website","url":"https:\/\/rodamonsteatre.com\/ca\/","name":"rodamons teatre","description":"","potentialAction":[{"@type":"SearchAction","target":{"@type":"EntryPoint","urlTemplate":"https:\/\/rodamonsteatre.com\/ca\/?s={search_term_string}"},"query-input":{"@type":"PropertyValueSpecification","valueRequired":true,"valueName":"search_term_string"}}],"inLanguage":"ca"}]}},"_hostinger_reach_plugin_has_subscription_block":false,"_hostinger_reach_plugin_is_elementor":false,"_links":{"self":[{"href":"https:\/\/rodamonsteatre.com\/ca\/wp-json\/wp\/v2\/pages\/908","targetHints":{"allow":["GET"]}}],"collection":[{"href":"https:\/\/rodamonsteatre.com\/ca\/wp-json\/wp\/v2\/pages"}],"about":[{"href":"https:\/\/rodamonsteatre.com\/ca\/wp-json\/wp\/v2\/types\/page"}],"author":[{"embeddable":true,"href":"https:\/\/rodamonsteatre.com\/ca\/wp-json\/wp\/v2\/users\/1"}],"replies":[{"embeddable":true,"href":"https:\/\/rodamonsteatre.com\/ca\/wp-json\/wp\/v2\/comments?post=908"}],"version-history":[{"count":5,"href":"https:\/\/rodamonsteatre.com\/ca\/wp-json\/wp\/v2\/pages\/908\/revisions"}],"predecessor-version":[{"id":1818,"href":"https:\/\/rodamonsteatre.com\/ca\/wp-json\/wp\/v2\/pages\/908\/revisions\/1818"}],"wp:attachment":[{"href":"https:\/\/rodamonsteatre.com\/ca\/wp-json\/wp\/v2\/media?parent=908"}],"curies":[{"name":"wp","href":"https:\/\/api.w.org\/{rel}","templated":true}]}}