{"id":1802,"date":"2025-12-18T07:31:27","date_gmt":"2025-12-18T07:31:27","guid":{"rendered":"https:\/\/rodamonsteatre.com\/?page_id=1802"},"modified":"2025-12-30T09:49:20","modified_gmt":"2025-12-30T09:49:20","slug":"mapa-del-lloc","status":"publish","type":"page","link":"https:\/\/rodamonsteatre.com\/ca\/mapa-del-lloc\/","title":{"rendered":"Mapa del lloc"},"content":{"rendered":"<div class=\"wsp-container\"><h2 class=\"wsp-pages-title\">P\u00e0gines<\/h2>\n<ul class=\"wsp-pages-list\">\n<li class=\"page_item page-item-1800\"><a href=\"https:\/\/rodamonsteatre.com\/ca\/accessibilitat\/\">Accessibilitat<\/a><\/li>\n<li class=\"page_item page-item-1394\"><a href=\"https:\/\/rodamonsteatre.com\/ca\/agenda\/\">Agenda<\/a><\/li>\n<li class=\"page_item page-item-929\"><a href=\"https:\/\/rodamonsteatre.com\/ca\/condicions-dus\/\">Condicions d&#8217;\u00fas<\/a><\/li>\n<li class=\"page_item page-item-56\"><a href=\"https:\/\/rodamonsteatre.com\/ca\/contacte\/\">Contacte<\/a><\/li>\n<li class=\"page_item page-item-912\"><a href=\"https:\/\/rodamonsteatre.com\/ca\/didactics\/\">Did\u00e0ctics<\/a><\/li>\n<li class=\"page_item page-item-906\"><a href=\"https:\/\/rodamonsteatre.com\/ca\/discografia-musical\/\">Discografia<\/a><\/li>\n<li class=\"page_item page-item-904\"><a href=\"https:\/\/rodamonsteatre.com\/ca\/espectacles-musicals\/\">Espectacles<\/a><\/li>\n<li class=\"page_item page-item-5\"><a href=\"https:\/\/rodamonsteatre.com\/ca\/\">Inici<\/a><\/li>\n<li class=\"page_item page-item-914\"><a href=\"https:\/\/rodamonsteatre.com\/ca\/instruments\/\">Instruments<\/a><\/li>\n<li class=\"page_item page-item-927\"><a href=\"https:\/\/rodamonsteatre.com\/ca\/ley-de-cookies\/\">Ley de cookies<\/a><\/li>\n<li class=\"page_item page-item-1802\"><a href=\"https:\/\/rodamonsteatre.com\/ca\/mapa-del-lloc\/\">Mapa del lloc<\/a><\/li>\n<li class=\"page_item page-item-910\"><a href=\"https:\/\/rodamonsteatre.com\/ca\/multimedia\/\">Multim\u00e8dia<\/a><\/li>\n<li class=\"page_item page-item-908\"><a href=\"https:\/\/rodamonsteatre.com\/ca\/noticies\/\">Not\u00edcies<\/a><\/li>\n<li class=\"page_item page-item-925\"><a href=\"https:\/\/rodamonsteatre.com\/ca\/politica-de-privacitat\/\">Pol\u00edtica de privacitat<\/a><\/li>\n<li class=\"page_item page-item-902\"><a href=\"https:\/\/rodamonsteatre.com\/ca\/qui-som-teatre-familiar\/\">Qui som<\/a><\/li>\n<\/ul>\n<h2 class=\"wsp-posts-title\">Entrades per categoria<\/h2>\n<ul class=\"wsp-posts-list\">\n\t<li><strong class=\"wsp-category-title\">Categoria:<a href=\"https:\/\/rodamonsteatre.com\/ca\/category\/en-les-aules\/\">EN LES AULES<\/a><\/strong>\n<ul class=\"wsp-posts-list\">\t\t<li class=\"wsp-post\"><a href=\"https:\/\/rodamonsteatre.com\/ca\/animacio-lectora-instituts\/\">ANIMACI\u00d3 LECTORA INSTITUTS<\/a><\/li>\n\t\t<li class=\"wsp-post\"><a href=\"https:\/\/rodamonsteatre.com\/ca\/projecte-comenius-regio-espanya-finlandia-2011-2013\/\">PROJECTE COMENIUS REGIO: Gilet\/J\u00e4rvenp\u00e4\u00e4 (Espanya\/Finl\u00e0ndia, 2011-2013)<\/a><\/li>\n\t\t<li class=\"wsp-post\"><a href=\"https:\/\/rodamonsteatre.com\/ca\/projecte-educarte-ceip-martinez-torres-aldaia-2010\/\">PROJECTE EDUCARTE: CEIP Mart\u00ednez Torres (Aldaia, 2010)<\/a><\/li>\n\t\t<li class=\"wsp-post\"><a href=\"https:\/\/rodamonsteatre.com\/ca\/projecte-comenius-jean-vigo-eduardo-merello-2007-2009\/\">PROJECTE COMENIUS: Jean Vigo &#8211; Eduardo Merello (Sagunt-Millau, 2007-2009)<\/a><\/li>\n\t\t<li class=\"wsp-post\"><a href=\"https:\/\/rodamonsteatre.com\/ca\/projecte-educarte-un-mon-darts-ceip-baladre-2010\/\">PROJECTE EDUCARTE &#8211; &#8220;Un M\u00f3n d&#8217;Arts&#8221; CEIP Baladre (Sagunt, 2010)<\/a><\/li>\n<\/ul><\/li>\n\t<li><strong class=\"wsp-category-title\">Categoria:<a href=\"https:\/\/rodamonsteatre.com\/ca\/category\/noticies\/\">Noticies<\/a><\/strong>\n<ul class=\"wsp-posts-list\">\t\t<li class=\"wsp-post\"><a href=\"https:\/\/rodamonsteatre.com\/ca\/ja-disponible-en-digital-la-queboqueseria\/\">Ja disponible en digital La Queboqueseria<\/a><\/li>\n\t\t<li class=\"wsp-post\"><a href=\"https:\/\/rodamonsteatre.com\/ca\/premsa\/\">Premsa<\/a><\/li>\n<\/ul><\/li>\n<\/ul>\n<h2 class=\"wsp-instructors-title\">Discografia<\/h2>\n<ul class=\"wsp-instructors-list\">\n<li><a href=\"https:\/\/rodamonsteatre.com\/ca\/instructor\/confluencia-2002\/\">Conflu\u00e8ncia (2002)<\/a><\/li>\n<li><a href=\"https:\/\/rodamonsteatre.com\/ca\/instructor\/un-cami-dhistories-2004\/\">Un Cam\u00ed d'histories (2004)<\/a><\/li>\n<li><a href=\"https:\/\/rodamonsteatre.com\/ca\/instructor\/illes-flotants-2006\/\">Illes Flotants (2006)<\/a><\/li>\n<li><a href=\"https:\/\/rodamonsteatre.com\/ca\/instructor\/tota-pedra-fa-2008\/\">Tota pedra fa... (2008)<\/a><\/li>\n<li><a href=\"https:\/\/rodamonsteatre.com\/ca\/instructor\/petiteses-2013\/\">Petiteses (2013)<\/a><\/li>\n<li><a href=\"https:\/\/rodamonsteatre.com\/ca\/instructor\/petiteses-el-dvd-2014\/\">Petiteses, el DVD (2014)<\/a><\/li>\n<li><a href=\"https:\/\/rodamonsteatre.com\/ca\/instructor\/tomateta-i-pimento-llibre-2017\/\">Tomateta i Piment\u00f3 Llibre (2017)<\/a><\/li>\n<li><a href=\"https:\/\/rodamonsteatre.com\/ca\/instructor\/la-queboqueseria-2015\/\">La Queboqueseria (2015)<\/a><\/li>\n<li><a href=\"https:\/\/rodamonsteatre.com\/ca\/instructor\/emocioanant\/\">Emocioanant (2019)<\/a><\/li>\n<\/ul>\n<h2 class=\"wsp-espectacles-title\">Espectacles<\/h2>\n<ul class=\"wsp-espectacles-list\">\n<li><a href=\"https:\/\/rodamonsteatre.com\/ca\/espectacle\/confluencia\/\">CONFLU\u00c8NCIA<\/a><\/li>\n<li><a href=\"https:\/\/rodamonsteatre.com\/ca\/espectacle\/tallers-creatius\/\">TALLERS CREATIUS<\/a><\/li>\n<li><a href=\"https:\/\/rodamonsteatre.com\/ca\/espectacle\/contes-dels-germans-grimm\/\">CONTES DELS GERMANS GRIMM<\/a><\/li>\n<li><a href=\"https:\/\/rodamonsteatre.com\/ca\/espectacle\/joguines-magiques\/\">JOGUINES M\u00c0GIQUES<\/a><\/li>\n<li><a href=\"https:\/\/rodamonsteatre.com\/ca\/espectacle\/barrets\/\">BARRETS<\/a><\/li>\n<li><a href=\"https:\/\/rodamonsteatre.com\/ca\/espectacle\/lhorta-allo-que-ens-importa\/\">L'HORTA ALL\u00d2 QUE ENS IMPORTA<\/a><\/li>\n<li><a href=\"https:\/\/rodamonsteatre.com\/ca\/espectacle\/concert-didactic\/\">CONCERT DID\u00c0CTIC<\/a><\/li>\n<li><a href=\"https:\/\/rodamonsteatre.com\/ca\/espectacle\/la-queboqueseria\/\">La queboqueseria<\/a><\/li>\n<li><a href=\"https:\/\/rodamonsteatre.com\/ca\/espectacle\/emocioanant\/\">EmocioAnant<\/a><\/li>\n<li><a href=\"https:\/\/rodamonsteatre.com\/ca\/espectacle\/hip-hop\/\">Petiteses<\/a><\/li>\n<li><a href=\"https:\/\/rodamonsteatre.com\/ca\/espectacle\/bestioles-i-bestioletes\/\">BESTIOLES I BESTIOLETES<\/a><\/li>\n<\/ul>\n<h2 class=\"wsp-tribe_venues-title\">Recintes<\/h2>\n<ul class=\"wsp-tribe_venues-list\">\n<li><a href=\"https:\/\/rodamonsteatre.com\/ca\/recinte\/centre-cultural-la-beneficencia\/\">Centre Cultural La Benefic\u00e8ncia<\/a><\/li>\n<li><a href=\"https:\/\/rodamonsteatre.com\/ca\/recinte\/pati-de-letno-centre-cultural-la-beneficencia\/\">Pati de l'ETNO. Centre Cultural La Benefic\u00e8ncia<\/a><\/li>\n<li><a href=\"https:\/\/rodamonsteatre.com\/ca\/recinte\/teatre-del-raval-gandia\/\">Teatre del Raval Gandia<\/a><\/li>\n<li><a href=\"https:\/\/rodamonsteatre.com\/ca\/recinte\/casa-de-cultura-tavernes-de-la-valldigna\/\">Casa de Cultura Tavernes de la Valldigna<\/a><\/li>\n<li><a href=\"https:\/\/rodamonsteatre.com\/ca\/recinte\/casa-de-cultura-estivella\/\">Casa de Cultura Estivella<\/a><\/li>\n<li><a href=\"https:\/\/rodamonsteatre.com\/ca\/recinte\/ceip-jose-gil-i-hervas\/\">CEIP Jose Gil I Hervas<\/a><\/li>\n<li><a href=\"https:\/\/rodamonsteatre.com\/ca\/recinte\/carrer-de-lalcudia-49-46291-benimodo-valencia\/\">Carrer de l'Alc\u00fadia, 49, 46291 Benimodo, Valencia<\/a><\/li>\n<li><a href=\"https:\/\/rodamonsteatre.com\/ca\/recinte\/colegio-del-carmen\/\">colegio del carmen<\/a><\/li>\n<li><a href=\"https:\/\/rodamonsteatre.com\/ca\/recinte\/placa-major-castello\/\">pla\u00e7a major Castell\u00f3<\/a><\/li>\n<li><a href=\"https:\/\/rodamonsteatre.com\/ca\/recinte\/teatre-de-montroi\/\">Teatre de Montroi<\/a><\/li>\n<\/ul>\n<h2 class=\"wsp-tribe_eventss-title\">Esdeveniments<\/h2>\n<ul class=\"wsp-tribe_eventss-list\">\n<li><a href=\"https:\/\/rodamonsteatre.com\/ca\/event\/reservat-3\/\">RESERVAT<\/a><\/li>\n<li><a href=\"https:\/\/rodamonsteatre.com\/ca\/event\/burjassot\/\">BURJASSOT<\/a><\/li>\n<li><a href=\"https:\/\/rodamonsteatre.com\/ca\/event\/valencia\/\">VAL\u00c8NCIA<\/a><\/li>\n<li><a href=\"https:\/\/rodamonsteatre.com\/ca\/event\/valencia-2\/\">Val\u00e8ncia<\/a><\/li>\n<li><a href=\"https:\/\/rodamonsteatre.com\/ca\/event\/albuixech\/\">ALBUIXECH<\/a><\/li>\n<li><a href=\"https:\/\/rodamonsteatre.com\/ca\/event\/benafigos\/\">BENAFIGOS<\/a><\/li>\n<li><a href=\"https:\/\/rodamonsteatre.com\/ca\/event\/estivella\/\">ESTIVELLA<\/a><\/li>\n<li><a href=\"https:\/\/rodamonsteatre.com\/ca\/event\/valencia-concert-rodamons\/\">VAL\u00c8NCIA - Concert Rodamons<\/a><\/li>\n<\/ul>\n<h2 class=\"wsp-fusion_tb_categorys-title\">Section Category<\/h2>\n<ul class=\"wsp-fusion_tb_categorys-list\">\n<li><a href=\"https:\/\/rodamonsteatre.com\/ca\/fusion_tb_category\/content\/\">content<\/a><\/li>\n<li><a href=\"https:\/\/rodamonsteatre.com\/ca\/fusion_tb_category\/footer\/\">footer<\/a><\/li>\n<li><a href=\"https:\/\/rodamonsteatre.com\/ca\/fusion_tb_category\/header\/\">header<\/a><\/li>\n<li><a href=\"https:\/\/rodamonsteatre.com\/ca\/fusion_tb_category\/page_title_bar\/\">page_title_bar<\/a><\/li>\n<\/ul>\n<h2 class=\"wsp-class_categorys-title\">Class Categories<\/h2>\n<ul class=\"wsp-class_categorys-list\">\n<li><a href=\"https:\/\/rodamonsteatre.com\/ca\/class_category\/class\/\">class<\/a><\/li>\n<\/ul>\n<h2 class=\"wsp-tribe_events_cats-title\">Categories d&#039;Esdeveniment<\/h2>\n<ul class=\"wsp-tribe_events_cats-list\">\n<li><a href=\"https:\/\/rodamonsteatre.com\/ca\/events\/category\/agenda\/\">AGENDA<\/a><\/li>\n<\/ul>\n<h2 class=\"wsp-element_categorys-title\">Category<\/h2>\n<ul class=\"wsp-element_categorys-list\">\n<li><a href=\"https:\/\/rodamonsteatre.com\/ca\/element_category\/post_cards\/\">post_cards<\/a><\/li>\n<li><a href=\"https:\/\/rodamonsteatre.com\/ca\/element_category\/sections\/\">sections<\/a><\/li>\n<\/ul>\n<\/div>\n","protected":false},"excerpt":{"rendered":"","protected":false},"author":1,"featured_media":0,"parent":0,"menu_order":0,"comment_status":"closed","ping_status":"closed","template":"100-width.php","meta":{"footnotes":""},"class_list":["post-1802","page","type-page","status-publish","hentry"],"acf":[],"yoast_head":"<!-- This site is optimized with the Yoast SEO plugin v27.4 - https:\/\/yoast.com\/product\/yoast-seo-wordpress\/ -->\n<title>Mapa del Lloc | Navegaci\u00f3 i Continguts Rodamons Teatre<\/title>\n<meta name=\"description\" content=\"Explora el mapa del lloc de Rodamons Teatre per accedir f\u00e0cilment a totes les seccions, espectacles, projectes i activitats culturals de la web.\" \/>\n<meta name=\"robots\" content=\"index, follow, max-snippet:-1, max-image-preview:large, max-video-preview:-1\" \/>\n<link rel=\"canonical\" href=\"https:\/\/rodamonsteatre.com\/ca\/mapa-del-lloc\/\" \/>\n<meta property=\"og:locale\" content=\"ca_ES\" \/>\n<meta property=\"og:type\" content=\"article\" \/>\n<meta property=\"og:title\" content=\"Mapa del Lloc | Navegaci\u00f3 i Continguts Rodamons Teatre\" \/>\n<meta property=\"og:description\" content=\"Explora el mapa del lloc de Rodamons Teatre per accedir f\u00e0cilment a totes les seccions, espectacles, projectes i activitats culturals de la web.\" \/>\n<meta property=\"og:url\" content=\"https:\/\/rodamonsteatre.com\/ca\/mapa-del-lloc\/\" \/>\n<meta property=\"og:site_name\" content=\"rodamons teatre\" \/>\n<meta property=\"article:modified_time\" content=\"2025-12-30T09:49:20+00:00\" \/>\n<meta name=\"twitter:card\" content=\"summary_large_image\" \/>\n<meta name=\"twitter:label1\" content=\"Temps estimat de lectura\" \/>\n\t<meta name=\"twitter:data1\" content=\"1 minut\" \/>\n<script type=\"application\/ld+json\" class=\"yoast-schema-graph\">{\"@context\":\"https:\\\/\\\/schema.org\",\"@graph\":[{\"@type\":\"WebPage\",\"@id\":\"https:\\\/\\\/rodamonsteatre.com\\\/ca\\\/mapa-del-lloc\\\/\",\"url\":\"https:\\\/\\\/rodamonsteatre.com\\\/ca\\\/mapa-del-lloc\\\/\",\"name\":\"Mapa del Lloc | Navegaci\u00f3 i Continguts Rodamons Teatre\",\"isPartOf\":{\"@id\":\"https:\\\/\\\/rodamonsteatre.com\\\/ca\\\/#website\"},\"datePublished\":\"2025-12-18T07:31:27+00:00\",\"dateModified\":\"2025-12-30T09:49:20+00:00\",\"description\":\"Explora el mapa del lloc de Rodamons Teatre per accedir f\u00e0cilment a totes les seccions, espectacles, projectes i activitats culturals de la web.\",\"breadcrumb\":{\"@id\":\"https:\\\/\\\/rodamonsteatre.com\\\/ca\\\/mapa-del-lloc\\\/#breadcrumb\"},\"inLanguage\":\"ca\",\"potentialAction\":[{\"@type\":\"ReadAction\",\"target\":[\"https:\\\/\\\/rodamonsteatre.com\\\/ca\\\/mapa-del-lloc\\\/\"]}]},{\"@type\":\"BreadcrumbList\",\"@id\":\"https:\\\/\\\/rodamonsteatre.com\\\/ca\\\/mapa-del-lloc\\\/#breadcrumb\",\"itemListElement\":[{\"@type\":\"ListItem\",\"position\":1,\"name\":\"Portada\",\"item\":\"https:\\\/\\\/rodamonsteatre.com\\\/ca\\\/\"},{\"@type\":\"ListItem\",\"position\":2,\"name\":\"Mapa del lloc\"}]},{\"@type\":\"WebSite\",\"@id\":\"https:\\\/\\\/rodamonsteatre.com\\\/ca\\\/#website\",\"url\":\"https:\\\/\\\/rodamonsteatre.com\\\/ca\\\/\",\"name\":\"rodamons teatre\",\"description\":\"\",\"potentialAction\":[{\"@type\":\"SearchAction\",\"target\":{\"@type\":\"EntryPoint\",\"urlTemplate\":\"https:\\\/\\\/rodamonsteatre.com\\\/ca\\\/?s={search_term_string}\"},\"query-input\":{\"@type\":\"PropertyValueSpecification\",\"valueRequired\":true,\"valueName\":\"search_term_string\"}}],\"inLanguage\":\"ca\"}]}<\/script>\n<!-- \/ Yoast SEO plugin. -->","yoast_head_json":{"title":"Mapa del Lloc | Navegaci\u00f3 i Continguts Rodamons Teatre","description":"Explora el mapa del lloc de Rodamons Teatre per accedir f\u00e0cilment a totes les seccions, espectacles, projectes i activitats culturals de la web.","robots":{"index":"index","follow":"follow","max-snippet":"max-snippet:-1","max-image-preview":"max-image-preview:large","max-video-preview":"max-video-preview:-1"},"canonical":"https:\/\/rodamonsteatre.com\/ca\/mapa-del-lloc\/","og_locale":"ca_ES","og_type":"article","og_title":"Mapa del Lloc | Navegaci\u00f3 i Continguts Rodamons Teatre","og_description":"Explora el mapa del lloc de Rodamons Teatre per accedir f\u00e0cilment a totes les seccions, espectacles, projectes i activitats culturals de la web.","og_url":"https:\/\/rodamonsteatre.com\/ca\/mapa-del-lloc\/","og_site_name":"rodamons teatre","article_modified_time":"2025-12-30T09:49:20+00:00","twitter_card":"summary_large_image","twitter_misc":{"Temps estimat de lectura":"1 minut"},"schema":{"@context":"https:\/\/schema.org","@graph":[{"@type":"WebPage","@id":"https:\/\/rodamonsteatre.com\/ca\/mapa-del-lloc\/","url":"https:\/\/rodamonsteatre.com\/ca\/mapa-del-lloc\/","name":"Mapa del Lloc | Navegaci\u00f3 i Continguts Rodamons Teatre","isPartOf":{"@id":"https:\/\/rodamonsteatre.com\/ca\/#website"},"datePublished":"2025-12-18T07:31:27+00:00","dateModified":"2025-12-30T09:49:20+00:00","description":"Explora el mapa del lloc de Rodamons Teatre per accedir f\u00e0cilment a totes les seccions, espectacles, projectes i activitats culturals de la web.","breadcrumb":{"@id":"https:\/\/rodamonsteatre.com\/ca\/mapa-del-lloc\/#breadcrumb"},"inLanguage":"ca","potentialAction":[{"@type":"ReadAction","target":["https:\/\/rodamonsteatre.com\/ca\/mapa-del-lloc\/"]}]},{"@type":"BreadcrumbList","@id":"https:\/\/rodamonsteatre.com\/ca\/mapa-del-lloc\/#breadcrumb","itemListElement":[{"@type":"ListItem","position":1,"name":"Portada","item":"https:\/\/rodamonsteatre.com\/ca\/"},{"@type":"ListItem","position":2,"name":"Mapa del lloc"}]},{"@type":"WebSite","@id":"https:\/\/rodamonsteatre.com\/ca\/#website","url":"https:\/\/rodamonsteatre.com\/ca\/","name":"rodamons teatre","description":"","potentialAction":[{"@type":"SearchAction","target":{"@type":"EntryPoint","urlTemplate":"https:\/\/rodamonsteatre.com\/ca\/?s={search_term_string}"},"query-input":{"@type":"PropertyValueSpecification","valueRequired":true,"valueName":"search_term_string"}}],"inLanguage":"ca"}]}},"_hostinger_reach_plugin_has_subscription_block":false,"_hostinger_reach_plugin_is_elementor":false,"_links":{"self":[{"href":"https:\/\/rodamonsteatre.com\/ca\/wp-json\/wp\/v2\/pages\/1802","targetHints":{"allow":["GET"]}}],"collection":[{"href":"https:\/\/rodamonsteatre.com\/ca\/wp-json\/wp\/v2\/pages"}],"about":[{"href":"https:\/\/rodamonsteatre.com\/ca\/wp-json\/wp\/v2\/types\/page"}],"author":[{"embeddable":true,"href":"https:\/\/rodamonsteatre.com\/ca\/wp-json\/wp\/v2\/users\/1"}],"replies":[{"embeddable":true,"href":"https:\/\/rodamonsteatre.com\/ca\/wp-json\/wp\/v2\/comments?post=1802"}],"version-history":[{"count":2,"href":"https:\/\/rodamonsteatre.com\/ca\/wp-json\/wp\/v2\/pages\/1802\/revisions"}],"predecessor-version":[{"id":1804,"href":"https:\/\/rodamonsteatre.com\/ca\/wp-json\/wp\/v2\/pages\/1802\/revisions\/1804"}],"wp:attachment":[{"href":"https:\/\/rodamonsteatre.com\/ca\/wp-json\/wp\/v2\/media?parent=1802"}],"curies":[{"name":"wp","href":"https:\/\/api.w.org\/{rel}","templated":true}]}}