{"id":1800,"date":"2025-11-19T07:30:38","date_gmt":"2025-11-19T07:30:38","guid":{"rendered":"https:\/\/rodamonsteatre.com\/?page_id=1800"},"modified":"2025-12-30T09:45:29","modified_gmt":"2025-12-30T09:45:29","slug":"accessibilitat","status":"publish","type":"page","link":"https:\/\/rodamonsteatre.com\/ca\/accessibilitat\/","title":{"rendered":"Accessibilitat"},"content":{"rendered":"<h2>Declaraci\u00f3 d\u2019Accessibilitat<\/h2>\n<p>rodamonsteatre.com s\u2019ha comprom\u00e9s a fer accessible el seu lloc web complint el Nivell AA segons la Norma UNE 301549:2020 (WCAG 2.1), que al seu torn es basa en les Directrius d\u2019Accessibilitat per al Contingut Web 2.0 del W3C.<\/p>\n<p>La present declaraci\u00f3 d\u2019accessibilitat s\u2019aplica al lloc web https:\/\/rodamonsteatre.com<\/p>\n<p>Per estes raons, al lloc web s\u2019han adoptat una s\u00e8rie de mesures amb l\u2019objectiu de garantir l\u2019accessibilitat dels continguts, amb la finalitat de:<\/p>\n<p>Facilitar l\u2019acc\u00e9s dels usuaris independentment de les seues capacitats o del seu entorn.<br \/>\nPermetre l\u2019acc\u00e9s amb diferents agents d\u2019usuari.<br \/>\nIncloure continguts clars i ben estructurats.<br \/>\nMillorar la navegaci\u00f3 i l\u2019experi\u00e8ncia de l\u2019usuari.<\/p>\n<h3>Mesures adoptades<\/h3>\n<p>S\u2019han adoptat les mesures seg\u00fcents:<\/p>\n<p>Separaci\u00f3 de contingut i presentaci\u00f3: \u00das de fulls d\u2019estil (CSS) per a la presentaci\u00f3 de la informaci\u00f3 i de codi HTML per a la seua correcta estructuraci\u00f3. La maquetaci\u00f3 s\u2019adapta correctament als agents d\u2019usuari m\u00e9s estesos i la grand\u00e0ria de les fonts s\u2019ha definit en mesures relatives per a permetre\u2019n el redimensionament.<\/p>\n<p>Alternativa a elements no textuals: Per a qualsevol element no textual s\u2019han incl\u00f2s les alternatives necess\u00e0ries de manera que cap usuari trobe barreres d\u2019acc\u00e9s als continguts.<\/p>\n<p>Mecanismes de navegaci\u00f3 adequats: Els enlla\u00e7os ofereixen detalls de la funci\u00f3 o destinaci\u00f3 de l\u2019hiperenlla\u00e7. S\u2019ofereixen mecanismes d\u2019interacci\u00f3 que faciliten a l\u2019usuari la localitzaci\u00f3 de la informaci\u00f3 i l\u2019orientaci\u00f3 a trav\u00e9s del lloc.<\/p>\n<p>\u00das correcte dels est\u00e0ndards: Els documents del web s\u2019han constru\u00eft sobre la base de les especificacions del W3C, l\u2019organisme que estableix els est\u00e0ndards internacionals que s\u2019han d\u2019utilitzar a la web. Els documents s\u00f3n v\u00e0lids i ofereixen el marcat adequat per a cada tipologia de contingut.<\/p>\n<p>Objectes programats: No s\u2019empren objectes programats per a presentar la informaci\u00f3 ni oferir funcionalitats importants. Aix\u00f2 permet navegar pel lloc independentment de les tecnologies disponibles en l\u2019agent d\u2019usuari.<\/p>\n<p>\u201cAccessibilitat dels PDF: Alguns PDF publicats al nostre web no disposen d\u2019una estructura accessible a causa d\u2019impossibilitats t\u00e8cniques. En este cas i, si existix necessitat, poden escriure a la nostra secci\u00f3 de contacte i sol\u00b7licitar-nos el document\u201d.<\/p>\n<p>Contacte<br \/>\nQualsevol queixa, consulta o suggeriment de millora sobre l\u2019accessibilitat del web es podr\u00e0 canalitzar a trav\u00e9s de qualsevol dels mitjans disponibles a la secci\u00f3 de contacte del web.<\/p>\n<p>&nbsp;<\/p>\n<h3>Situaci\u00f3 de compliment<\/h3>\n<p>Este lloc web \u00e9s <strong>parcialment conforme<\/strong> amb el Reial decret 1112\/2018, de 7 de setembre, a causa de la falta de conformitat dels aspectes que s\u2019indiquen a continuaci\u00f3.<\/p>\n<h3>Contingut no accessible<\/h3>\n<p>El contingut que es recull a continuaci\u00f3 no \u00e9s accessible pels motius seg\u00fcents:<\/p>\n<p>A causa de l\u2019\u00fas d\u2019un gestor de continguts que no pot garantir que els diferents usuaris que editen els continguts complisquen totes les normes d\u2019accessibilitat, no es pot garantir que tots els continguts siguen conformes amb les WCAG 2.1. En qualsevol cas, tenim el comprom\u00eds de solucionar estos possibles problemes que ens siguen notificats.<\/p>\n<p>C\u00e0rrega desproporcionada: No resulta aplicable.<\/p>\n<p>El contingut no entra dins de l\u2019\u00e0mbit de la legislaci\u00f3 aplicable.<\/p>\n<p>Arxius ofim\u00e0tics en PDF o altres formats, aix\u00ed com aplicacions publicades abans del 20 de setembre de 2018 que no complisquen en la seua totalitat tots els requisits d\u2019accessibilitat.<\/p>\n<p>Continguts multim\u00e8dia en directe.<\/p>\n<p>Contingut multim\u00e8dia pregravat de base temporal o publicat abans de l\u2019entrada en vigor del Reial decret.<\/p>\n<p>Serveis de mapes i cartografia en l\u00ednia.<\/p>\n<p>Continguts de tercers no finan\u00e7ats ni desenvolupats per rodamonsteatre.com.<\/p>\n<h3>Preparaci\u00f3 de la present declaraci\u00f3 d\u2019accessibilitat<\/h3>\n<p>La present declaraci\u00f3 va ser preparada el 14 de novembre de 2024.<\/p>\n<p>El m\u00e8tode emprat per a preparar la declaraci\u00f3 ha sigut mitjan\u00e7ant una autoavaluaci\u00f3 del lloc web per part de rodamonsteatre.com i t\u00e8cnics del departament de desenvolupament web, a trav\u00e9s d\u2019an\u00e0lisis manuals de l\u2019accessibilitat, complementades mitjan\u00e7ant diferents eines semiautom\u00e0tiques, agents d\u2019usuari i ajudes t\u00e8cniques.<\/p>\n<h3>Observacions i dades de contacte<\/h3>\n<p>Podeu realitzar comunicacions sobre requisits d\u2019accessibilitat (article 10.2.a del Reial decret 1112\/2018, de 7 de setembre), com ara:<\/p>\n<p>Informar sobre qualsevol possible incompliment per part d\u2019este lloc web.<br \/>\nComunicar altres dificultats d\u2019acc\u00e9s al contingut.<br \/>\nFormular qualsevol altra consulta o suggeriment de millora relatiu a l\u2019accessibilitat del lloc web.<\/p>\n<p>A trav\u00e9s de les vies seg\u00fcents:<\/p>\n<p>A trav\u00e9s del formulari de suggeriments que rodamonsteatre.com posa a la seua disposici\u00f3.<\/p>\n<p>Correu electr\u00f2nic: info@rodamonsteatre.com<\/p>\n<p>Presencialment a les oficines de rodamonsteatre.com.<\/p>\n<p>Les comunicacions seran rebudes i tractades per la Unitat responsable d\u2019accessibilitat del web de rodamonsteatre.com, com a unitat responsable de l\u2019accessibilitat dels continguts d\u2019este lloc web.<\/p>\n<h3>Sol\u00b7licituds d\u2019informaci\u00f3 accessible i queixes<\/h3>\n<p>Les sol\u00b7licituds d\u2019informaci\u00f3 accessible i les queixes es presentaran a trav\u00e9s de:<\/p>\n<p>A trav\u00e9s del formulari de suggeriments que rodamonsteatre.com posa a la seua disposici\u00f3.<\/p>\n<p>Correu electr\u00f2nic: info@rodamonsteatre.com<\/p>\n<p>&nbsp;<\/p>\n","protected":false},"excerpt":{"rendered":"<p>Declaraci\u00f3 d\u2019Accessibilitat rodamonsteatre.com s\u2019ha comprom\u00e9s a fer accessible el seu  [&#8230;]<\/p>\n","protected":false},"author":1,"featured_media":0,"parent":0,"menu_order":0,"comment_status":"closed","ping_status":"closed","template":"100-width.php","meta":{"footnotes":""},"class_list":["post-1800","page","type-page","status-publish","hentry"],"acf":[],"yoast_head":"<!-- This site is optimized with the Yoast SEO plugin v27.4 - https:\/\/yoast.com\/product\/yoast-seo-wordpress\/ -->\n<title>Accessibilitat Web i Espectacles | Rodamons Teatre Inclusiu<\/title>\n<meta name=\"description\" content=\"Rodamons Teatre garanteix accessibilitat en la seva web i espectacles, oferint continguts i activitats culturals adaptades per a tots els p\u00fablics amb inclusi\u00f3 i facilitat d\u2019acc\u00e9s.\" \/>\n<meta name=\"robots\" content=\"index, follow, max-snippet:-1, max-image-preview:large, max-video-preview:-1\" \/>\n<link rel=\"canonical\" href=\"https:\/\/rodamonsteatre.com\/ca\/accessibilitat\/\" \/>\n<meta property=\"og:locale\" content=\"ca_ES\" \/>\n<meta property=\"og:type\" content=\"article\" \/>\n<meta property=\"og:title\" content=\"Accessibilitat Web i Espectacles | Rodamons Teatre Inclusiu\" \/>\n<meta property=\"og:description\" content=\"Rodamons Teatre garanteix accessibilitat en la seva web i espectacles, oferint continguts i activitats culturals adaptades per a tots els p\u00fablics amb inclusi\u00f3 i facilitat d\u2019acc\u00e9s.\" \/>\n<meta property=\"og:url\" content=\"https:\/\/rodamonsteatre.com\/ca\/accessibilitat\/\" \/>\n<meta property=\"og:site_name\" content=\"rodamons teatre\" \/>\n<meta property=\"article:modified_time\" content=\"2025-12-30T09:45:29+00:00\" \/>\n<meta name=\"twitter:card\" content=\"summary_large_image\" \/>\n<meta name=\"twitter:label1\" content=\"Temps estimat de lectura\" \/>\n\t<meta name=\"twitter:data1\" content=\"5 minuts\" \/>\n<script type=\"application\/ld+json\" class=\"yoast-schema-graph\">{\"@context\":\"https:\\\/\\\/schema.org\",\"@graph\":[{\"@type\":\"WebPage\",\"@id\":\"https:\\\/\\\/rodamonsteatre.com\\\/ca\\\/accessibilitat\\\/\",\"url\":\"https:\\\/\\\/rodamonsteatre.com\\\/ca\\\/accessibilitat\\\/\",\"name\":\"Accessibilitat Web i Espectacles | Rodamons Teatre Inclusiu\",\"isPartOf\":{\"@id\":\"https:\\\/\\\/rodamonsteatre.com\\\/ca\\\/#website\"},\"datePublished\":\"2025-11-19T07:30:38+00:00\",\"dateModified\":\"2025-12-30T09:45:29+00:00\",\"description\":\"Rodamons Teatre garanteix accessibilitat en la seva web i espectacles, oferint continguts i activitats culturals adaptades per a tots els p\u00fablics amb inclusi\u00f3 i facilitat d\u2019acc\u00e9s.\",\"breadcrumb\":{\"@id\":\"https:\\\/\\\/rodamonsteatre.com\\\/ca\\\/accessibilitat\\\/#breadcrumb\"},\"inLanguage\":\"ca\",\"potentialAction\":[{\"@type\":\"ReadAction\",\"target\":[\"https:\\\/\\\/rodamonsteatre.com\\\/ca\\\/accessibilitat\\\/\"]}]},{\"@type\":\"BreadcrumbList\",\"@id\":\"https:\\\/\\\/rodamonsteatre.com\\\/ca\\\/accessibilitat\\\/#breadcrumb\",\"itemListElement\":[{\"@type\":\"ListItem\",\"position\":1,\"name\":\"Portada\",\"item\":\"https:\\\/\\\/rodamonsteatre.com\\\/ca\\\/\"},{\"@type\":\"ListItem\",\"position\":2,\"name\":\"Accessibilitat\"}]},{\"@type\":\"WebSite\",\"@id\":\"https:\\\/\\\/rodamonsteatre.com\\\/ca\\\/#website\",\"url\":\"https:\\\/\\\/rodamonsteatre.com\\\/ca\\\/\",\"name\":\"rodamons teatre\",\"description\":\"\",\"potentialAction\":[{\"@type\":\"SearchAction\",\"target\":{\"@type\":\"EntryPoint\",\"urlTemplate\":\"https:\\\/\\\/rodamonsteatre.com\\\/ca\\\/?s={search_term_string}\"},\"query-input\":{\"@type\":\"PropertyValueSpecification\",\"valueRequired\":true,\"valueName\":\"search_term_string\"}}],\"inLanguage\":\"ca\"}]}<\/script>\n<!-- \/ Yoast SEO plugin. -->","yoast_head_json":{"title":"Accessibilitat Web i Espectacles | Rodamons Teatre Inclusiu","description":"Rodamons Teatre garanteix accessibilitat en la seva web i espectacles, oferint continguts i activitats culturals adaptades per a tots els p\u00fablics amb inclusi\u00f3 i facilitat d\u2019acc\u00e9s.","robots":{"index":"index","follow":"follow","max-snippet":"max-snippet:-1","max-image-preview":"max-image-preview:large","max-video-preview":"max-video-preview:-1"},"canonical":"https:\/\/rodamonsteatre.com\/ca\/accessibilitat\/","og_locale":"ca_ES","og_type":"article","og_title":"Accessibilitat Web i Espectacles | Rodamons Teatre Inclusiu","og_description":"Rodamons Teatre garanteix accessibilitat en la seva web i espectacles, oferint continguts i activitats culturals adaptades per a tots els p\u00fablics amb inclusi\u00f3 i facilitat d\u2019acc\u00e9s.","og_url":"https:\/\/rodamonsteatre.com\/ca\/accessibilitat\/","og_site_name":"rodamons teatre","article_modified_time":"2025-12-30T09:45:29+00:00","twitter_card":"summary_large_image","twitter_misc":{"Temps estimat de lectura":"5 minuts"},"schema":{"@context":"https:\/\/schema.org","@graph":[{"@type":"WebPage","@id":"https:\/\/rodamonsteatre.com\/ca\/accessibilitat\/","url":"https:\/\/rodamonsteatre.com\/ca\/accessibilitat\/","name":"Accessibilitat Web i Espectacles | Rodamons Teatre Inclusiu","isPartOf":{"@id":"https:\/\/rodamonsteatre.com\/ca\/#website"},"datePublished":"2025-11-19T07:30:38+00:00","dateModified":"2025-12-30T09:45:29+00:00","description":"Rodamons Teatre garanteix accessibilitat en la seva web i espectacles, oferint continguts i activitats culturals adaptades per a tots els p\u00fablics amb inclusi\u00f3 i facilitat d\u2019acc\u00e9s.","breadcrumb":{"@id":"https:\/\/rodamonsteatre.com\/ca\/accessibilitat\/#breadcrumb"},"inLanguage":"ca","potentialAction":[{"@type":"ReadAction","target":["https:\/\/rodamonsteatre.com\/ca\/accessibilitat\/"]}]},{"@type":"BreadcrumbList","@id":"https:\/\/rodamonsteatre.com\/ca\/accessibilitat\/#breadcrumb","itemListElement":[{"@type":"ListItem","position":1,"name":"Portada","item":"https:\/\/rodamonsteatre.com\/ca\/"},{"@type":"ListItem","position":2,"name":"Accessibilitat"}]},{"@type":"WebSite","@id":"https:\/\/rodamonsteatre.com\/ca\/#website","url":"https:\/\/rodamonsteatre.com\/ca\/","name":"rodamons teatre","description":"","potentialAction":[{"@type":"SearchAction","target":{"@type":"EntryPoint","urlTemplate":"https:\/\/rodamonsteatre.com\/ca\/?s={search_term_string}"},"query-input":{"@type":"PropertyValueSpecification","valueRequired":true,"valueName":"search_term_string"}}],"inLanguage":"ca"}]}},"_hostinger_reach_plugin_has_subscription_block":false,"_hostinger_reach_plugin_is_elementor":false,"_links":{"self":[{"href":"https:\/\/rodamonsteatre.com\/ca\/wp-json\/wp\/v2\/pages\/1800","targetHints":{"allow":["GET"]}}],"collection":[{"href":"https:\/\/rodamonsteatre.com\/ca\/wp-json\/wp\/v2\/pages"}],"about":[{"href":"https:\/\/rodamonsteatre.com\/ca\/wp-json\/wp\/v2\/types\/page"}],"author":[{"embeddable":true,"href":"https:\/\/rodamonsteatre.com\/ca\/wp-json\/wp\/v2\/users\/1"}],"replies":[{"embeddable":true,"href":"https:\/\/rodamonsteatre.com\/ca\/wp-json\/wp\/v2\/comments?post=1800"}],"version-history":[{"count":3,"href":"https:\/\/rodamonsteatre.com\/ca\/wp-json\/wp\/v2\/pages\/1800\/revisions"}],"predecessor-version":[{"id":1830,"href":"https:\/\/rodamonsteatre.com\/ca\/wp-json\/wp\/v2\/pages\/1800\/revisions\/1830"}],"wp:attachment":[{"href":"https:\/\/rodamonsteatre.com\/ca\/wp-json\/wp\/v2\/media?parent=1800"}],"curies":[{"name":"wp","href":"https:\/\/api.w.org\/{rel}","templated":true}]}}